{"id":1218,"date":"2016-07-07T12:01:33","date_gmt":"2016-07-07T10:01:33","guid":{"rendered":"http:\/\/test.caronteconsulting.com\/fr\/?page_id=1218"},"modified":"2021-12-02T15:36:51","modified_gmt":"2021-12-02T14:36:51","slug":"rimec-mobilisation-passive-partir-de-1980","status":"publish","type":"page","link":"https:\/\/rimec.it\/fr\/rimec-mobilisation-passive-partir-de-1980\/","title":{"rendered":"Rimec &#8211; Mobilisation passive \u00e0 partir de 1980"},"content":{"rendered":"<p>[vc_row full_width=\u00a0\u00bbstretch_row_content\u00a0\u00bb css=\u00a0\u00bb.vc_custom_1619691542830{margin-top: 0px !important;margin-right: 0px !important;margin-bottom: 0px !important;margin-left: 0px !important;padding-top: 0px !important;padding-right: 0px !important;padding-bottom: 0px !important;padding-left: 0px !important;}\u00a0\u00bb el_class=\u00a0\u00bbhome-slider\u00a0\u00bb][vc_column css=\u00a0\u00bb.vc_custom_1619686943034{margin-top: 0px !important;margin-right: 0px !important;margin-bottom: 0px !important;margin-left: 0px !important;padding-top: 0px !important;padding-right: 0px !important;padding-bottom: 0px !important;padding-left: 0px !important;}\u00a0\u00bb][vc_images_carousel images=\u00a0\u00bb4440,4441&Prime; img_size=\u00a0\u00bbfull\u00a0\u00bb onclick=\u00a0\u00bbcustom_link\u00a0\u00bb autoplay=\u00a0\u00bbyes\u00a0\u00bb wrap=\u00a0\u00bbyes\u00a0\u00bb css=\u00a0\u00bb.vc_custom_1619691438136{margin-top: 0px !important;margin-right: 0px !important;margin-bottom: 0px !important;margin-left: 0px !important;border-right-width: 0px !important;border-left-width: 0px !important;padding-top: 0px !important;padding-right: 0px !important;padding-bottom: 0px !important;padding-left: 0px !important;}\u00a0\u00bb custom_links=\u00a0\u00bb#E-8_aHR0cHMlM0ElMkYlMkZ3d3cucmltZWMuaXQlMkZwcm9kb3R0aSUyRmZpc2lvdGVrLWhwMiUyRiUyQ2h0dHBzJTNBJTJGJTJGd3d3LnJpbWVjLml0JTJGcHJvZG90dGklMkZmaXNpb3Rlay0zMDAwLWUlMkY=\u00a0\u00bb][\/vc_column][\/vc_row][vc_row equal_height=\u00a0\u00bbyes\u00a0\u00bb kwoon_bg=\u00a0\u00bbinverse\u00a0\u00bb css=\u00a0\u00bb.vc_custom_1619692291640{background-color: #004d90 !important;}\u00a0\u00bb][vc_column][vc_row_inner equal_height=\u00a0\u00bbyes\u00a0\u00bb content_placement=\u00a0\u00bbmiddle\u00a0\u00bb][vc_column_inner width=\u00a0\u00bb2\/3&Prime;][kwoon_section_title]<strong>\u00c9v\u00e9nement<\/strong> suivant[\/kwoon_section_title][vc_column_text]Voici le prochain \u00e9v\u00e9nement auquel nous participerons en tant qu\u2019exposants ou en tant qu\u2019invit\u00e9s. Une fantastique opportunit\u00e9 de faire connaissance, un moment d\u2019\u00e9change et de comparaison pour nous et pour vous! Ne manquez pas![\/vc_column_text][vc_column_text]<\/p>\n<h3 style=\"text-align: center;\"><span style=\"color: #0c286d;\">EXPOSANITA&rsquo; &#8211; du 4 au 6 mai 2022 BOLOGNE<\/span><\/h3>\n<p>[\/vc_column_text][\/vc_column_inner][vc_column_inner width=\u00a0\u00bb1\/3&Prime;][vc_single_image image=\u00a0\u00bb4662&Prime; img_size=\u00a0\u00bbfull\u00a0\u00bb alignment=\u00a0\u00bbcenter\u00a0\u00bb][\/vc_column_inner][\/vc_row_inner][\/vc_column][\/vc_row][vc_row][vc_column][kwoon_section_title]Notre <strong>compagnie<\/strong>[\/kwoon_section_title][vc_column_text]<\/p>\n<p class=\"lead\" style=\"text-align: center;\">RIMEC a fabriqu\u00e9 l\u2019\u00e9quipement pour la mobilisation passive continue depuis 1980.<\/p>\n<p class=\"lead\" style=\"text-align: center;\">Aujourd\u2019hui RIMEC est connu comme un des la plupart des fabricants qualifi\u00e9s du secteur de r\u00e9f\u00e9rence.<\/p>\n<p>[\/vc_column_text][vc_row_inner][vc_column_inner width=\u00a0\u00bb1\/12&Prime;][\/vc_column_inner][vc_column_inner width=\u00a0\u00bb10\/12&Prime;][vc_video link=\u00a0\u00bbhttps:\/\/www.youtube.com\/watch?v=Lw3QmJNSogI\u00a0\u00bb align=\u00a0\u00bbcenter\u00a0\u00bb][\/vc_column_inner][vc_column_inner width=\u00a0\u00bb1\/12&Prime;][\/vc_column_inner][\/vc_row_inner][\/vc_column][\/vc_row][vc_row kwoon_bg=\u00a0\u00bbinverse\u00a0\u00bb css=\u00a0\u00bb.vc_custom_1619688404638{background-color: #004d90 !important;}\u00a0\u00bb][vc_column][vc_single_image image=\u00a0\u00bb1003&Prime; img_size=\u00a0\u00bbfull\u00a0\u00bb alignment=\u00a0\u00bbcenter\u00a0\u00bb][vc_empty_space][vc_column_text]<\/p>\n<h3 style=\"text-align: center;\">Mobilisation passive \u00e0 partir de 1980<\/h3>\n<p>[\/vc_column_text][vc_empty_space][vc_single_image image=\u00a0\u00bb1715&Prime; img_size=\u00a0\u00bbfull\u00a0\u00bb alignment=\u00a0\u00bbcenter\u00a0\u00bb][\/vc_column][\/vc_row][vc_row kwoon_bg=\u00a0\u00bblight\u00a0\u00bb el_class=\u00a0\u00bbcenter\u00a0\u00bb][vc_column][vc_column_text]<\/p>\n<h3 class=\"main-title\" style=\"text-align: center;\"><strong>Fisiotek 3000<\/strong><\/h3>\n<p class=\"lead\" style=\"text-align: center;\">Mobilisation passive genou, hanche et cheville.<\/p>\n<p>[\/vc_column_text][vc_masonry_grid post_type=\u00a0\u00bbportfolio\u00a0\u00bb max_items=\u00a0\u00bb999&Prime; element_width=\u00a0\u00bb6&Prime; gap=\u00a0\u00bb5&Prime; orderby=\u00a0\u00bbtitle\u00a0\u00bb order=\u00a0\u00bbASC\u00a0\u00bb item=\u00a0\u00bbmasonryGrid_BlurOut\u00a0\u00bb grid_id=\u00a0\u00bbvc_gid:1638455711843-297e3b4f-4e80-2&Prime; taxonomies=\u00a0\u00bb48&Prime;][vc_empty_space][vc_single_image image=\u00a0\u00bb1723&Prime; img_size=\u00a0\u00bbfull\u00a0\u00bb alignment=\u00a0\u00bbcenter\u00a0\u00bb][\/vc_column][\/vc_row][vc_row kwoon_bg=\u00a0\u00bbinverse\u00a0\u00bb css=\u00a0\u00bb.vc_custom_1619688335251{background-color: #aaaaaa !important;}\u00a0\u00bb][vc_column width=\u00a0\u00bb1\/12&Prime;][\/vc_column][vc_column width=\u00a0\u00bb10\/12&Prime;][kwoon_section_title]<strong>Vid\u00e9os<\/strong> de nos produits[\/kwoon_section_title][vc_video link=\u00a0\u00bbhttps:\/\/www.youtube.com\/watch?v=KXfCNuhj7mw\u00a0\u00bb align=\u00a0\u00bbcenter\u00a0\u00bb][vc_column_text]<\/p>\n<p style=\"text-align: center;\"><a class=\"btn\" href=\"https:\/\/www.youtube.com\/user\/Fisiotek3000\" target=\"_blank\" rel=\"noopener\">VISITEZ NOTRE PAGE YOUTUBE<\/a><\/p>\n<p>[\/vc_column_text][\/vc_column][vc_column width=\u00a0\u00bb1\/12&Prime;][\/vc_column][\/vc_row][vc_row full_width=\u00a0\u00bbstretch_row\u00a0\u00bb css=\u00a0\u00bb.vc_custom_1619688427197{background-color: #e0e0e0 !important;}\u00a0\u00bb el_class=\u00a0\u00bbsemitransparent center\u00a0\u00bb el_id=\u00a0\u00bbfisioteklt\u00a0\u00bb][vc_column][\/vc_column][\/vc_row][vc_row][vc_column][vc_single_image image=\u00a0\u00bb1723&Prime; img_size=\u00a0\u00bbfull\u00a0\u00bb alignment=\u00a0\u00bbcenter\u00a0\u00bb][vc_column_text]<\/p>\n<p class=\"lead dark\" style=\"text-align: center;\">\u00c9quipement compact pour la mobilisation passive de la \u00e9paule, poignet et coude<\/p>\n<p>[\/vc_column_text][vc_row_inner][vc_column_inner][vc_masonry_grid post_type=\u00a0\u00bbportfolio\u00a0\u00bb max_items=\u00a0\u00bb999&Prime; element_width=\u00a0\u00bb6&Prime; gap=\u00a0\u00bb5&Prime; orderby=\u00a0\u00bbtitle\u00a0\u00bb order=\u00a0\u00bbASC\u00a0\u00bb item=\u00a0\u00bbmasonryGrid_BlurOut\u00a0\u00bb grid_id=\u00a0\u00bbvc_gid:1638455711852-0ec9947f-95f8-1&Prime; taxonomies=\u00a0\u00bb76&Prime;][\/vc_column_inner][\/vc_row_inner][\/vc_column][\/vc_row][vc_row][vc_column][vc_column_text]<\/p>\n<h3 class=\"main-title\" style=\"text-align: center;\">Les <strong>m\u00e9dias sociaux<\/strong><\/h3>\n<p>[\/vc_column_text][vc_empty_space][vc_row_inner][vc_column_inner width=\u00a0\u00bb1\/3&Prime;][vc_single_image image=\u00a0\u00bb1739&Prime; img_size=\u00a0\u00bbfull\u00a0\u00bb alignment=\u00a0\u00bbcenter\u00a0\u00bb onclick=\u00a0\u00bbcustom_link\u00a0\u00bb img_link_target=\u00a0\u00bb_blank\u00a0\u00bb css_animation=\u00a0\u00bbleft-to-right\u00a0\u00bb link=\u00a0\u00bbhttps:\/\/www.facebook.com\/pages\/Rimec-Srl\/442323525800057&Prime;][vc_empty_space][\/vc_column_inner][vc_column_inner width=\u00a0\u00bb1\/3&Prime;][vc_single_image image=\u00a0\u00bb1741&Prime; img_size=\u00a0\u00bbfull\u00a0\u00bb alignment=\u00a0\u00bbcenter\u00a0\u00bb onclick=\u00a0\u00bbcustom_link\u00a0\u00bb img_link_target=\u00a0\u00bb_blank\u00a0\u00bb css_animation=\u00a0\u00bbleft-to-right\u00a0\u00bb link=\u00a0\u00bbhttps:\/\/www.youtube.com\/user\/Fisiotek3000&Prime;][vc_empty_space][\/vc_column_inner][vc_column_inner width=\u00a0\u00bb1\/3&Prime;][vc_single_image image=\u00a0\u00bb1740&Prime; img_size=\u00a0\u00bbfull\u00a0\u00bb alignment=\u00a0\u00bbcenter\u00a0\u00bb onclick=\u00a0\u00bbcustom_link\u00a0\u00bb img_link_target=\u00a0\u00bb_blank\u00a0\u00bb css_animation=\u00a0\u00bbleft-to-right\u00a0\u00bb link=\u00a0\u00bbhttps:\/\/www.linkedin.com\/company\/2910227&Prime;][vc_empty_space][\/vc_column_inner][\/vc_row_inner][\/vc_column][\/vc_row]<\/p>\n","protected":false},"excerpt":{"rendered":"<p>[vc_row full_width=\u00a0\u00bbstretch_row_content\u00a0\u00bb css=\u00a0\u00bb.vc_custom_1619691542830{margin-top: 0px !important;margin-right: 0px !important;margin-bottom: 0px !important;margin-left: 0px !important;padding-top: 0px !important;padding-right: 0px !important;padding-bottom: 0px !important;padding-left: 0px !important;}\u00a0\u00bb el_class=\u00a0\u00bbhome-slider\u00a0\u00bb][vc_column css=\u00a0\u00bb.vc_custom_1619686943034{margin-top: 0px !important;margin-right: 0px !important;margin-bottom: 0px !important;margin-left: 0px !important;padding-top: 0px !important;padding-right: 0px !important;padding-bottom: 0px !important;padding-left: 0px !important;}\u00a0\u00bb][vc_images_carousel images=\u00a0\u00bb4440,4441&Prime; img_size=\u00a0\u00bbfull\u00a0\u00bb onclick=\u00a0\u00bbcustom_link\u00a0\u00bb autoplay=\u00a0\u00bbyes\u00a0\u00bb wrap=\u00a0\u00bbyes\u00a0\u00bb css=\u00a0\u00bb.vc_custom_1619691438136{margin-top: 0px !important;margin-right: 0px !important;margin-bottom: 0px !important;margin-left: 0px !important;border-right-width: 0px !important;border-left-width: 0px !important;padding-top: [&hellip;]<\/p>\n","protected":false},"author":1,"featured_media":3284,"parent":0,"menu_order":33,"comment_status":"open","ping_status":"open","template":"","meta":{"ocean_post_layout":"","ocean_both_sidebars_style":"","ocean_both_sidebars_content_width":0,"ocean_both_sidebars_sidebars_width":0,"ocean_sidebar":"","ocean_second_sidebar":"","ocean_disable_margins":"enable","ocean_add_body_class":"","ocean_shortcode_before_top_bar":"","ocean_shortcode_after_top_bar":"","ocean_shortcode_before_header":"","ocean_shortcode_after_header":"","ocean_has_shortcode":"","ocean_shortcode_after_title":"","ocean_shortcode_before_footer_widgets":"","ocean_shortcode_after_footer_widgets":"","ocean_shortcode_before_footer_bottom":"","ocean_shortcode_after_footer_bottom":"","ocean_display_top_bar":"default","ocean_display_header":"default","ocean_header_style":"","ocean_center_header_left_menu":"","ocean_custom_header_template":"","ocean_custom_logo":0,"ocean_custom_retina_logo":0,"ocean_custom_logo_max_width":0,"ocean_custom_logo_tablet_max_width":0,"ocean_custom_logo_mobile_max_width":0,"ocean_custom_logo_max_height":0,"ocean_custom_logo_tablet_max_height":0,"ocean_custom_logo_mobile_max_height":0,"ocean_header_custom_menu":"","ocean_menu_typo_font_family":"","ocean_menu_typo_font_subset":"","ocean_menu_typo_font_size":0,"ocean_menu_typo_font_size_tablet":0,"ocean_menu_typo_font_size_mobile":0,"ocean_menu_typo_font_size_unit":"px","ocean_menu_typo_font_weight":"","ocean_menu_typo_font_weight_tablet":"","ocean_menu_typo_font_weight_mobile":"","ocean_menu_typo_transform":"","ocean_menu_typo_transform_tablet":"","ocean_menu_typo_transform_mobile":"","ocean_menu_typo_line_height":0,"ocean_menu_typo_line_height_tablet":0,"ocean_menu_typo_line_height_mobile":0,"ocean_menu_typo_line_height_unit":"","ocean_menu_typo_spacing":0,"ocean_menu_typo_spacing_tablet":0,"ocean_menu_typo_spacing_mobile":0,"ocean_menu_typo_spacing_unit":"","ocean_menu_link_color":"","ocean_menu_link_color_hover":"","ocean_menu_link_color_active":"","ocean_menu_link_background":"","ocean_menu_link_hover_background":"","ocean_menu_link_active_background":"","ocean_menu_social_links_bg":"","ocean_menu_social_hover_links_bg":"","ocean_menu_social_links_color":"","ocean_menu_social_hover_links_color":"","ocean_disable_title":"default","ocean_disable_heading":"default","ocean_post_title":"","ocean_post_subheading":"","ocean_post_title_style":"","ocean_post_title_background_color":"","ocean_post_title_background":0,"ocean_post_title_bg_image_position":"","ocean_post_title_bg_image_attachment":"","ocean_post_title_bg_image_repeat":"","ocean_post_title_bg_image_size":"","ocean_post_title_height":0,"ocean_post_title_bg_overlay":0.5,"ocean_post_title_bg_overlay_color":"","ocean_disable_breadcrumbs":"default","ocean_breadcrumbs_color":"","ocean_breadcrumbs_separator_color":"","ocean_breadcrumbs_links_color":"","ocean_breadcrumbs_links_hover_color":"","ocean_display_footer_widgets":"default","ocean_display_footer_bottom":"default","ocean_custom_footer_template":"","osh_disable_topbar_sticky":"default","osh_disable_header_sticky":"default","osh_sticky_header_style":"default","osh_sticky_header_effect":"","osh_custom_sticky_logo":0,"osh_custom_retina_sticky_logo":0,"osh_custom_sticky_logo_height":0,"osh_background_color":"","osh_links_color":"","osh_links_hover_color":"","osh_links_active_color":"","osh_links_bg_color":"","osh_links_hover_bg_color":"","osh_links_active_bg_color":"","osh_menu_social_links_color":"","osh_menu_social_hover_links_color":"","footnotes":""},"class_list":["post-1218","page","type-page","status-publish","has-post-thumbnail","hentry","entry","has-media"],"yoast_head":"<!-- This site is optimized with the Yoast SEO plugin v27.0 - https:\/\/yoast.com\/product\/yoast-seo-wordpress\/ -->\n<title>Rimec - Mobilisation passive \u00e0 partir de 1980<\/title>\n<meta name=\"description\" content=\"RIMEC produit \u00e9quipements pour la r\u00e9habilitation passive du coude, poignet, \u00e9paule, genou, jambe et la cheville. La qualit\u00e9 et l&#039;efficacit\u00e9 \u00e0 partir de 1980\" \/>\n<meta name=\"robots\" content=\"index, follow, max-snippet:-1, max-image-preview:large, max-video-preview:-1\" \/>\n<link rel=\"canonical\" href=\"https:\/\/rimec.it\/fr\/rimec-mobilisation-passive-partir-de-1980\/\" \/>\n<meta property=\"og:locale\" content=\"fr_FR\" \/>\n<meta property=\"og:type\" content=\"article\" \/>\n<meta property=\"og:title\" content=\"Rimec - Mobilisation passive \u00e0 partir de 1980\" \/>\n<meta property=\"og:description\" content=\"RIMEC produit \u00e9quipements pour la r\u00e9habilitation passive du coude, poignet, \u00e9paule, genou, jambe et la cheville. La qualit\u00e9 et l&#039;efficacit\u00e9 \u00e0 partir de 1980\" \/>\n<meta property=\"og:url\" content=\"https:\/\/rimec.it\/fr\/rimec-mobilisation-passive-partir-de-1980\/\" \/>\n<meta property=\"og:site_name\" content=\"Rimec\" \/>\n<meta property=\"article:publisher\" content=\"https:\/\/www.facebook.com\/pages\/Rimec-Srl\/442323525800057\" \/>\n<meta property=\"article:modified_time\" content=\"2021-12-02T14:36:51+00:00\" \/>\n<meta property=\"og:image\" content=\"https:\/\/rimec.it\/wp-content\/uploads\/2016\/07\/Rimec-Cover-FR.jpg\" \/>\n\t<meta property=\"og:image:width\" content=\"1600\" \/>\n\t<meta property=\"og:image:height\" content=\"874\" \/>\n\t<meta property=\"og:image:type\" content=\"image\/jpeg\" \/>\n<meta name=\"twitter:card\" content=\"summary_large_image\" \/>\n<meta name=\"twitter:label1\" content=\"Dur\u00e9e de lecture estim\u00e9e\" \/>\n\t<meta name=\"twitter:data1\" content=\"2 minutes\" \/>\n<script type=\"application\/ld+json\" class=\"yoast-schema-graph\">{\"@context\":\"https:\/\/schema.org\",\"@graph\":[{\"@type\":\"WebPage\",\"@id\":\"https:\/\/rimec.it\/fr\/rimec-mobilisation-passive-partir-de-1980\/\",\"url\":\"https:\/\/rimec.it\/fr\/rimec-mobilisation-passive-partir-de-1980\/\",\"name\":\"Rimec - Mobilisation passive \u00e0 partir de 1980\",\"isPartOf\":{\"@id\":\"https:\/\/rimec.it\/#website\"},\"primaryImageOfPage\":{\"@id\":\"https:\/\/rimec.it\/fr\/rimec-mobilisation-passive-partir-de-1980\/#primaryimage\"},\"image\":{\"@id\":\"https:\/\/rimec.it\/fr\/rimec-mobilisation-passive-partir-de-1980\/#primaryimage\"},\"thumbnailUrl\":\"https:\/\/rimec.it\/wp-content\/uploads\/2016\/07\/Rimec-Cover-FR.jpg\",\"datePublished\":\"2016-07-07T10:01:33+00:00\",\"dateModified\":\"2021-12-02T14:36:51+00:00\",\"description\":\"RIMEC produit \u00e9quipements pour la r\u00e9habilitation passive du coude, poignet, \u00e9paule, genou, jambe et la cheville. La qualit\u00e9 et l'efficacit\u00e9 \u00e0 partir de 1980\",\"breadcrumb\":{\"@id\":\"https:\/\/rimec.it\/fr\/rimec-mobilisation-passive-partir-de-1980\/#breadcrumb\"},\"inLanguage\":\"fr-FR\",\"potentialAction\":[{\"@type\":\"ReadAction\",\"target\":[\"https:\/\/rimec.it\/fr\/rimec-mobilisation-passive-partir-de-1980\/\"]}]},{\"@type\":\"ImageObject\",\"inLanguage\":\"fr-FR\",\"@id\":\"https:\/\/rimec.it\/fr\/rimec-mobilisation-passive-partir-de-1980\/#primaryimage\",\"url\":\"https:\/\/rimec.it\/wp-content\/uploads\/2016\/07\/Rimec-Cover-FR.jpg\",\"contentUrl\":\"https:\/\/rimec.it\/wp-content\/uploads\/2016\/07\/Rimec-Cover-FR.jpg\",\"width\":1600,\"height\":874,\"caption\":\"Rimec FR\"},{\"@type\":\"BreadcrumbList\",\"@id\":\"https:\/\/rimec.it\/fr\/rimec-mobilisation-passive-partir-de-1980\/#breadcrumb\",\"itemListElement\":[{\"@type\":\"ListItem\",\"position\":1,\"name\":\"Home\",\"item\":\"https:\/\/rimec.it\/fr\/\"},{\"@type\":\"ListItem\",\"position\":2,\"name\":\"Rimec &#8211; Mobilisation passive \u00e0 partir de 1980\"}]},{\"@type\":\"WebSite\",\"@id\":\"https:\/\/rimec.it\/#website\",\"url\":\"https:\/\/rimec.it\/\",\"name\":\"Rimec - Mobilizzazione passiva\",\"description\":\"Mobilizzazione passiva dal 1980\",\"publisher\":{\"@id\":\"https:\/\/rimec.it\/#organization\"},\"potentialAction\":[{\"@type\":\"SearchAction\",\"target\":{\"@type\":\"EntryPoint\",\"urlTemplate\":\"https:\/\/rimec.it\/?s={search_term_string}\"},\"query-input\":{\"@type\":\"PropertyValueSpecification\",\"valueRequired\":true,\"valueName\":\"search_term_string\"}}],\"inLanguage\":\"fr-FR\"},{\"@type\":\"Organization\",\"@id\":\"https:\/\/rimec.it\/#organization\",\"name\":\"Rimec Srl\",\"url\":\"https:\/\/rimec.it\/\",\"logo\":{\"@type\":\"ImageObject\",\"inLanguage\":\"fr-FR\",\"@id\":\"https:\/\/rimec.it\/#\/schema\/logo\/image\/\",\"url\":\"https:\/\/rimec.it\/wp-content\/uploads\/2016\/07\/logo-Rimec-big.png\",\"contentUrl\":\"https:\/\/rimec.it\/wp-content\/uploads\/2016\/07\/logo-Rimec-big.png\",\"width\":2000,\"height\":778,\"caption\":\"Rimec Srl\"},\"image\":{\"@id\":\"https:\/\/rimec.it\/#\/schema\/logo\/image\/\"},\"sameAs\":[\"https:\/\/www.facebook.com\/pages\/Rimec-Srl\/442323525800057\",\"https:\/\/www.linkedin.com\/company\/2910227\",\"https:\/\/www.youtube.com\/user\/Fisiotek3000\"]}]}<\/script>\n<!-- \/ Yoast SEO plugin. -->","yoast_head_json":{"title":"Rimec - Mobilisation passive \u00e0 partir de 1980","description":"RIMEC produit \u00e9quipements pour la r\u00e9habilitation passive du coude, poignet, \u00e9paule, genou, jambe et la cheville. La qualit\u00e9 et l'efficacit\u00e9 \u00e0 partir de 1980","robots":{"index":"index","follow":"follow","max-snippet":"max-snippet:-1","max-image-preview":"max-image-preview:large","max-video-preview":"max-video-preview:-1"},"canonical":"https:\/\/rimec.it\/fr\/rimec-mobilisation-passive-partir-de-1980\/","og_locale":"fr_FR","og_type":"article","og_title":"Rimec - Mobilisation passive \u00e0 partir de 1980","og_description":"RIMEC produit \u00e9quipements pour la r\u00e9habilitation passive du coude, poignet, \u00e9paule, genou, jambe et la cheville. La qualit\u00e9 et l'efficacit\u00e9 \u00e0 partir de 1980","og_url":"https:\/\/rimec.it\/fr\/rimec-mobilisation-passive-partir-de-1980\/","og_site_name":"Rimec","article_publisher":"https:\/\/www.facebook.com\/pages\/Rimec-Srl\/442323525800057","article_modified_time":"2021-12-02T14:36:51+00:00","og_image":[{"width":1600,"height":874,"url":"https:\/\/rimec.it\/wp-content\/uploads\/2016\/07\/Rimec-Cover-FR.jpg","type":"image\/jpeg"}],"twitter_card":"summary_large_image","twitter_misc":{"Dur\u00e9e de lecture estim\u00e9e":"2 minutes"},"schema":{"@context":"https:\/\/schema.org","@graph":[{"@type":"WebPage","@id":"https:\/\/rimec.it\/fr\/rimec-mobilisation-passive-partir-de-1980\/","url":"https:\/\/rimec.it\/fr\/rimec-mobilisation-passive-partir-de-1980\/","name":"Rimec - Mobilisation passive \u00e0 partir de 1980","isPartOf":{"@id":"https:\/\/rimec.it\/#website"},"primaryImageOfPage":{"@id":"https:\/\/rimec.it\/fr\/rimec-mobilisation-passive-partir-de-1980\/#primaryimage"},"image":{"@id":"https:\/\/rimec.it\/fr\/rimec-mobilisation-passive-partir-de-1980\/#primaryimage"},"thumbnailUrl":"https:\/\/rimec.it\/wp-content\/uploads\/2016\/07\/Rimec-Cover-FR.jpg","datePublished":"2016-07-07T10:01:33+00:00","dateModified":"2021-12-02T14:36:51+00:00","description":"RIMEC produit \u00e9quipements pour la r\u00e9habilitation passive du coude, poignet, \u00e9paule, genou, jambe et la cheville. La qualit\u00e9 et l'efficacit\u00e9 \u00e0 partir de 1980","breadcrumb":{"@id":"https:\/\/rimec.it\/fr\/rimec-mobilisation-passive-partir-de-1980\/#breadcrumb"},"inLanguage":"fr-FR","potentialAction":[{"@type":"ReadAction","target":["https:\/\/rimec.it\/fr\/rimec-mobilisation-passive-partir-de-1980\/"]}]},{"@type":"ImageObject","inLanguage":"fr-FR","@id":"https:\/\/rimec.it\/fr\/rimec-mobilisation-passive-partir-de-1980\/#primaryimage","url":"https:\/\/rimec.it\/wp-content\/uploads\/2016\/07\/Rimec-Cover-FR.jpg","contentUrl":"https:\/\/rimec.it\/wp-content\/uploads\/2016\/07\/Rimec-Cover-FR.jpg","width":1600,"height":874,"caption":"Rimec FR"},{"@type":"BreadcrumbList","@id":"https:\/\/rimec.it\/fr\/rimec-mobilisation-passive-partir-de-1980\/#breadcrumb","itemListElement":[{"@type":"ListItem","position":1,"name":"Home","item":"https:\/\/rimec.it\/fr\/"},{"@type":"ListItem","position":2,"name":"Rimec &#8211; Mobilisation passive \u00e0 partir de 1980"}]},{"@type":"WebSite","@id":"https:\/\/rimec.it\/#website","url":"https:\/\/rimec.it\/","name":"Rimec - Mobilizzazione passiva","description":"Mobilizzazione passiva dal 1980","publisher":{"@id":"https:\/\/rimec.it\/#organization"},"potentialAction":[{"@type":"SearchAction","target":{"@type":"EntryPoint","urlTemplate":"https:\/\/rimec.it\/?s={search_term_string}"},"query-input":{"@type":"PropertyValueSpecification","valueRequired":true,"valueName":"search_term_string"}}],"inLanguage":"fr-FR"},{"@type":"Organization","@id":"https:\/\/rimec.it\/#organization","name":"Rimec Srl","url":"https:\/\/rimec.it\/","logo":{"@type":"ImageObject","inLanguage":"fr-FR","@id":"https:\/\/rimec.it\/#\/schema\/logo\/image\/","url":"https:\/\/rimec.it\/wp-content\/uploads\/2016\/07\/logo-Rimec-big.png","contentUrl":"https:\/\/rimec.it\/wp-content\/uploads\/2016\/07\/logo-Rimec-big.png","width":2000,"height":778,"caption":"Rimec Srl"},"image":{"@id":"https:\/\/rimec.it\/#\/schema\/logo\/image\/"},"sameAs":["https:\/\/www.facebook.com\/pages\/Rimec-Srl\/442323525800057","https:\/\/www.linkedin.com\/company\/2910227","https:\/\/www.youtube.com\/user\/Fisiotek3000"]}]}},"_links":{"self":[{"href":"https:\/\/rimec.it\/fr\/wp-json\/wp\/v2\/pages\/1218","targetHints":{"allow":["GET"]}}],"collection":[{"href":"https:\/\/rimec.it\/fr\/wp-json\/wp\/v2\/pages"}],"about":[{"href":"https:\/\/rimec.it\/fr\/wp-json\/wp\/v2\/types\/page"}],"author":[{"embeddable":true,"href":"https:\/\/rimec.it\/fr\/wp-json\/wp\/v2\/users\/1"}],"replies":[{"embeddable":true,"href":"https:\/\/rimec.it\/fr\/wp-json\/wp\/v2\/comments?post=1218"}],"version-history":[{"count":36,"href":"https:\/\/rimec.it\/fr\/wp-json\/wp\/v2\/pages\/1218\/revisions"}],"predecessor-version":[{"id":4737,"href":"https:\/\/rimec.it\/fr\/wp-json\/wp\/v2\/pages\/1218\/revisions\/4737"}],"wp:featuredmedia":[{"embeddable":true,"href":"https:\/\/rimec.it\/fr\/wp-json\/wp\/v2\/media\/3284"}],"wp:attachment":[{"href":"https:\/\/rimec.it\/fr\/wp-json\/wp\/v2\/media?parent=1218"}],"curies":[{"name":"wp","href":"https:\/\/api.w.org\/{rel}","templated":true}]}}