{"id":10439,"date":"2022-07-25T10:00:43","date_gmt":"2022-07-25T08:00:43","guid":{"rendered":"http:\/\/rimec.it\/entreprise-2\/"},"modified":"2025-12-19T10:22:17","modified_gmt":"2025-12-19T09:22:17","slug":"entreprise-2","status":"publish","type":"page","link":"https:\/\/rimec.it\/fr\/entreprise-2\/","title":{"rendered":"Entreprise"},"content":{"rendered":"\t\t<div data-elementor-type=\"wp-post\" data-elementor-id=\"10439\" class=\"elementor elementor-10439 elementor-16\">\n\t\t\t\t\t\t<section class=\"elementor-section elementor-top-section elementor-element elementor-element-29343a84 elementor-section-content-middle elementor-section-boxed elementor-section-height-default elementor-section-height-default\" data-id=\"29343a84\" data-element_type=\"section\" data-e-type=\"section\">\n\t\t\t\t\t\t<div class=\"elementor-container elementor-column-gap-no\">\n\t\t\t\t\t<div class=\"elementor-column elementor-col-50 elementor-top-column elementor-element elementor-element-7053c47d\" data-id=\"7053c47d\" data-element_type=\"column\" data-e-type=\"column\">\n\t\t\t<div class=\"elementor-widget-wrap elementor-element-populated\">\n\t\t\t\t\t\t<div class=\"elementor-element elementor-element-32117a64 elementor-widget elementor-widget-text-editor\" data-id=\"32117a64\" data-element_type=\"widget\" data-e-type=\"widget\" data-widget_type=\"text-editor.default\">\n\t\t\t\t<div class=\"elementor-widget-container\">\n\t\t\t\t\t\t\t\t\t<p style=\"text-align: justify;\">En 1980 <strong>Rimec<\/strong>, en ligne avec un projet de reconversion de production, oriente sa production dans le secteur des appareillages \u00e9lectrom\u00e9dicaux, notamment dans la r\u00e9alisation de machines destin\u00e9es \u00e0 la r\u00e9\u00e9ducation passive.Dans ce secteur Rimec est en train de s\u2019affirmer au niveau mondial et rivalise avec des entreprises multinationales qui couvrent tout l\u2019univers des produits destin\u00e9s \u00e0 la sant\u00e9.<\/p><p style=\"text-align: justify;\">L\u2019approche du march\u00e9 se fait par sa participation aux manifestations de foire internationales <a href=\"https:\/\/rimec.it\/fr\/evenements-et-nouvelles\/\">du secteur les plus importantes<\/a>, par sa pr\u00e9sence aux Congr\u00e8s m\u00e9dicaux de sp\u00e9cialisation, au cours desquels la production de l\u2019entreprise affronte le jugement du monde scientifiqu<\/p><p>Pour obtenir des informations et des sp\u00e9cifications sur nos \u00e9quipements, consultez les fiches techniques des machines individuelles ou <a href=\"https:\/\/rimec.it\/fr\/contacts-2\/\">contactez-nous.<\/a><\/p>\t\t\t\t\t\t\t\t<\/div>\n\t\t\t\t<\/div>\n\t\t\t\t\t<\/div>\n\t\t<\/div>\n\t\t\t\t<div class=\"elementor-column elementor-col-50 elementor-top-column elementor-element elementor-element-3bcb42d\" data-id=\"3bcb42d\" data-element_type=\"column\" data-e-type=\"column\">\n\t\t\t<div class=\"elementor-widget-wrap elementor-element-populated\">\n\t\t\t\t\t\t<div class=\"elementor-element elementor-element-cec6ab8 elementor-widget elementor-widget-image\" data-id=\"cec6ab8\" data-element_type=\"widget\" data-e-type=\"widget\" data-widget_type=\"image.default\">\n\t\t\t\t<div class=\"elementor-widget-container\">\n\t\t\t\t\t\t\t\t\t\t\t\t\t\t\t\t<a href=\"https:\/\/rimec.it\/wp-content\/uploads\/2025\/12\/SCR-20251219-jmjn.png\" data-elementor-open-lightbox=\"yes\" data-elementor-lightbox-title=\"SCR-20251219-jmjn\" data-e-action-hash=\"#elementor-action%3Aaction%3Dlightbox%26settings%3DeyJpZCI6MTIxMDksInVybCI6Imh0dHBzOlwvXC9yaW1lYy5pdFwvd3AtY29udGVudFwvdXBsb2Fkc1wvMjAyNVwvMTJcL1NDUi0yMDI1MTIxOS1qbWpuLnBuZyJ9\">\n\t\t\t\t\t\t\t<img fetchpriority=\"high\" decoding=\"async\" width=\"734\" height=\"1024\" src=\"https:\/\/rimec.it\/wp-content\/uploads\/2025\/12\/SCR-20251219-jmjn.png\" class=\"attachment-large size-large wp-image-12109\" alt=\"\" srcset=\"https:\/\/rimec.it\/wp-content\/uploads\/2025\/12\/SCR-20251219-jmjn.png 852w, https:\/\/rimec.it\/wp-content\/uploads\/2025\/12\/SCR-20251219-jmjn-215x300.png 215w\" sizes=\"(max-width: 734px) 100vw, 734px\" \/>\t\t\t\t\t\t\t\t<\/a>\n\t\t\t\t\t\t\t\t\t\t\t\t\t\t\t<\/div>\n\t\t\t\t<\/div>\n\t\t\t\t\t<\/div>\n\t\t<\/div>\n\t\t\t\t\t<\/div>\n\t\t<\/section>\n\t\t\t\t<section class=\"elementor-section elementor-top-section elementor-element elementor-element-c35446e elementor-section-boxed elementor-section-height-default elementor-section-height-default\" data-id=\"c35446e\" data-element_type=\"section\" data-e-type=\"section\" data-settings=\"{&quot;background_background&quot;:&quot;classic&quot;}\">\n\t\t\t\t\t\t<div class=\"elementor-container elementor-column-gap-default\">\n\t\t\t\t\t<div class=\"elementor-column elementor-col-100 elementor-top-column elementor-element elementor-element-dbca912\" data-id=\"dbca912\" data-element_type=\"column\" data-e-type=\"column\">\n\t\t\t<div class=\"elementor-widget-wrap elementor-element-populated\">\n\t\t\t\t\t\t<section class=\"elementor-section elementor-inner-section elementor-element elementor-element-b6ad795 elementor-section-boxed elementor-section-height-default elementor-section-height-default\" data-id=\"b6ad795\" data-element_type=\"section\" data-e-type=\"section\">\n\t\t\t\t\t\t<div class=\"elementor-container elementor-column-gap-wider\">\n\t\t\t\t\t<div class=\"elementor-column elementor-col-33 elementor-inner-column elementor-element elementor-element-2e60688\" data-id=\"2e60688\" data-element_type=\"column\" data-e-type=\"column\">\n\t\t\t<div class=\"elementor-widget-wrap elementor-element-populated\">\n\t\t\t\t\t\t<div class=\"elementor-element elementor-element-641de9f elementor-view-default elementor-position-block-start elementor-mobile-position-block-start elementor-widget elementor-widget-icon-box\" data-id=\"641de9f\" data-element_type=\"widget\" data-e-type=\"widget\" data-widget_type=\"icon-box.default\">\n\t\t\t\t<div class=\"elementor-widget-container\">\n\t\t\t\t\t\t\t<div class=\"elementor-icon-box-wrapper\">\n\n\t\t\t\t\t\t<div class=\"elementor-icon-box-icon\">\n\t\t\t\t<span  class=\"elementor-icon\">\n\t\t\t\t<i aria-hidden=\"true\" class=\"fas fa-chart-pie\"><\/i>\t\t\t\t<\/span>\n\t\t\t<\/div>\n\t\t\t\n\t\t\t\t\t\t<div class=\"elementor-icon-box-content\">\n\n\t\t\t\t\t\t\t\t\t<h3 class=\"elementor-icon-box-title\">\n\t\t\t\t\t\t<span  >\n\t\t\t\t\t\t\tQualit\u00e9 - Technologie - Innovation\t\t\t\t\t\t<\/span>\n\t\t\t\t\t<\/h3>\n\t\t\t\t\n\t\t\t\t\t\t\t\t\t<p class=\"elementor-icon-box-description\">\n\t\t\t\t\t\tA l\u2019heure actuelle l\u2019entreprise est reconnue comme l\u2019un des producteurs les plus qualifi\u00e9s d\u2019\u00e9quipements pour la r\u00e9\u00e9ducation passive (MPC \u2013 Mobilisation Passive Continue) ; en 1997 elle a mis au point sur le march\u00e9 un Dispositif de r\u00e9\u00e9ducation pour le mouvement passif des articulations du membre sup\u00e9rieur hautement innovateur, qui positionne l\u2019entreprise, en ce qui concerne la qualit\u00e9 de la proposition, aux sommets du segment de march\u00e9 auquel elle s\u2019adresse.\t\t\t\t\t<\/p>\n\t\t\t\t\n\t\t\t<\/div>\n\t\t\t\n\t\t<\/div>\n\t\t\t\t\t\t<\/div>\n\t\t\t\t<\/div>\n\t\t\t\t\t<\/div>\n\t\t<\/div>\n\t\t\t\t<div class=\"elementor-column elementor-col-33 elementor-inner-column elementor-element elementor-element-e2210d5\" data-id=\"e2210d5\" data-element_type=\"column\" data-e-type=\"column\">\n\t\t\t<div class=\"elementor-widget-wrap elementor-element-populated\">\n\t\t\t\t\t\t<div class=\"elementor-element elementor-element-cfbff89 elementor-view-default elementor-position-block-start elementor-mobile-position-block-start elementor-widget elementor-widget-icon-box\" data-id=\"cfbff89\" data-element_type=\"widget\" data-e-type=\"widget\" data-widget_type=\"icon-box.default\">\n\t\t\t\t<div class=\"elementor-widget-container\">\n\t\t\t\t\t\t\t<div class=\"elementor-icon-box-wrapper\">\n\n\t\t\t\t\t\t<div class=\"elementor-icon-box-icon\">\n\t\t\t\t<span  class=\"elementor-icon\">\n\t\t\t\t<i aria-hidden=\"true\" class=\"fas fa-recycle\"><\/i>\t\t\t\t<\/span>\n\t\t\t<\/div>\n\t\t\t\n\t\t\t\t\t\t<div class=\"elementor-icon-box-content\">\n\n\t\t\t\t\t\t\t\t\t<h3 class=\"elementor-icon-box-title\">\n\t\t\t\t\t\t<span  >\n\t\t\t\t\t\t\tProduits en expansion continue\t\t\t\t\t\t<\/span>\n\t\t\t\t\t<\/h3>\n\t\t\t\t\n\t\t\t\t\t\t\t\t\t<p class=\"elementor-icon-box-description\">\n\t\t\t\t\t\tEn 2005 la gamme s\u2019est enrichie d\u2019un nouveau mod\u00e8le pour la mobilisation de l\u2019\u00e9paule. La gamme des produits Rimec est compl\u00e9t\u00e9e par des appareillages destin\u00e9s \u00e0 des salles de pl\u00e2tre et aux secourismes orthop\u00e9diques. En 2013 l\u2019entreprise introduise la 5i\u00e8me ligne de mobilIsateurs pour la r\u00e9\u00e9ducation passive des membres inf\u00e9rieurs, la s\u00e9rie Fisiotek 3000, qui r\u00e9presente la moderne \u00e9volution de la m\u00e9thodologie MPC. L\u2019ann\u00e9e suivant, en 2014, Rimec enrichi la ligne destin\u00e9e aux membres sup\u00e9rieurs, introduisant Fisiotek LT-G et Fisiotek LT-P, les mod\u00e8les con\u00e7us pour la r\u00e9\u00e9ducation du coude et poignet.\n\n\t\t\t\t\t<\/p>\n\t\t\t\t\n\t\t\t<\/div>\n\t\t\t\n\t\t<\/div>\n\t\t\t\t\t\t<\/div>\n\t\t\t\t<\/div>\n\t\t\t\t\t<\/div>\n\t\t<\/div>\n\t\t\t\t<div class=\"elementor-column elementor-col-33 elementor-inner-column elementor-element elementor-element-d50c65f\" data-id=\"d50c65f\" data-element_type=\"column\" data-e-type=\"column\">\n\t\t\t<div class=\"elementor-widget-wrap elementor-element-populated\">\n\t\t\t\t\t\t<div class=\"elementor-element elementor-element-7e80c6c elementor-view-default elementor-position-block-start elementor-mobile-position-block-start elementor-widget elementor-widget-icon-box\" data-id=\"7e80c6c\" data-element_type=\"widget\" data-e-type=\"widget\" data-widget_type=\"icon-box.default\">\n\t\t\t\t<div class=\"elementor-widget-container\">\n\t\t\t\t\t\t\t<div class=\"elementor-icon-box-wrapper\">\n\n\t\t\t\t\t\t<div class=\"elementor-icon-box-icon\">\n\t\t\t\t<span  class=\"elementor-icon\">\n\t\t\t\t<i aria-hidden=\"true\" class=\"fas fa-chart-line\"><\/i>\t\t\t\t<\/span>\n\t\t\t<\/div>\n\t\t\t\n\t\t\t\t\t\t<div class=\"elementor-icon-box-content\">\n\n\t\t\t\t\t\t\t\t\t<h3 class=\"elementor-icon-box-title\">\n\t\t\t\t\t\t<span  >\n\t\t\t\t\t\t\tPoursuite de l'expansion sur le march\u00e9 international\t\t\t\t\t\t<\/span>\n\t\t\t\t\t<\/h3>\n\t\t\t\t\n\t\t\t\t\t\t\t\t\t<p class=\"elementor-icon-box-description\">\n\t\t\t\t\t\tMalgr\u00e9 le peu de temps \u00e9coul\u00e9 \u00e0 partir de l\u2019entr\u00e9e de l\u2019entreprise dans ce march\u00e9, elle est pr\u00e9sente dans tous les pays de la<strong>UE , tels que: Moyen Orient, Region Sub-Sahariane, Afrique M\u00e9ridionale<\/strong>, <strong>Amerique Centrale, Extr\u00eame Orient, Zone du Golfe, Sub Continent Indien,<\/strong> <strong>Region du Caucase, Asie Orientale<\/strong> et <strong>M\u00e9ridional, Australie.<\/strong>\t\t\t\t\t<\/p>\n\t\t\t\t\n\t\t\t<\/div>\n\t\t\t\n\t\t<\/div>\n\t\t\t\t\t\t<\/div>\n\t\t\t\t<\/div>\n\t\t\t\t\t<\/div>\n\t\t<\/div>\n\t\t\t\t\t<\/div>\n\t\t<\/section>\n\t\t\t\t\t<\/div>\n\t\t<\/div>\n\t\t\t\t\t<\/div>\n\t\t<\/section>\n\t\t\t\t<\/div>\n\t\t","protected":false},"excerpt":{"rendered":"<p>En 1980 Rimec, en ligne avec un projet de reconversion de production, oriente sa production dans le secteur des appareillages \u00e9lectrom\u00e9dicaux, notamment dans la r\u00e9alisation de machines destin\u00e9es \u00e0 la r\u00e9\u00e9ducation passive.Dans ce secteur Rimec est en train de s\u2019affirmer au niveau mondial et rivalise avec des entreprises multinationales qui couvrent tout l\u2019univers des produits [&hellip;]<\/p>\n","protected":false},"author":3,"featured_media":0,"parent":0,"menu_order":0,"comment_status":"closed","ping_status":"closed","template":"","meta":{"ocean_post_layout":"full-screen","ocean_both_sidebars_style":"","ocean_both_sidebars_content_width":0,"ocean_both_sidebars_sidebars_width":0,"ocean_sidebar":"0","ocean_second_sidebar":"0","ocean_disable_margins":"enable","ocean_add_body_class":"","ocean_shortcode_before_top_bar":"","ocean_shortcode_after_top_bar":"","ocean_shortcode_before_header":"","ocean_shortcode_after_header":"","ocean_has_shortcode":"","ocean_shortcode_after_title":"","ocean_shortcode_before_footer_widgets":"","ocean_shortcode_after_footer_widgets":"","ocean_shortcode_before_footer_bottom":"","ocean_shortcode_after_footer_bottom":"","ocean_display_top_bar":"default","ocean_display_header":"default","ocean_header_style":"","ocean_center_header_left_menu":"0","ocean_custom_header_template":"0","ocean_custom_logo":0,"ocean_custom_retina_logo":0,"ocean_custom_logo_max_width":0,"ocean_custom_logo_tablet_max_width":0,"ocean_custom_logo_mobile_max_width":0,"ocean_custom_logo_max_height":0,"ocean_custom_logo_tablet_max_height":0,"ocean_custom_logo_mobile_max_height":0,"ocean_header_custom_menu":"0","ocean_menu_typo_font_family":"0","ocean_menu_typo_font_subset":"","ocean_menu_typo_font_size":0,"ocean_menu_typo_font_size_tablet":0,"ocean_menu_typo_font_size_mobile":0,"ocean_menu_typo_font_size_unit":"px","ocean_menu_typo_font_weight":"","ocean_menu_typo_font_weight_tablet":"","ocean_menu_typo_font_weight_mobile":"","ocean_menu_typo_transform":"","ocean_menu_typo_transform_tablet":"","ocean_menu_typo_transform_mobile":"","ocean_menu_typo_line_height":0,"ocean_menu_typo_line_height_tablet":0,"ocean_menu_typo_line_height_mobile":0,"ocean_menu_typo_line_height_unit":"","ocean_menu_typo_spacing":0,"ocean_menu_typo_spacing_tablet":0,"ocean_menu_typo_spacing_mobile":0,"ocean_menu_typo_spacing_unit":"","ocean_menu_link_color":"","ocean_menu_link_color_hover":"","ocean_menu_link_color_active":"","ocean_menu_link_background":"","ocean_menu_link_hover_background":"","ocean_menu_link_active_background":"","ocean_menu_social_links_bg":"","ocean_menu_social_hover_links_bg":"","ocean_menu_social_links_color":"","ocean_menu_social_hover_links_color":"","ocean_disable_title":"default","ocean_disable_heading":"default","ocean_post_title":"","ocean_post_subheading":"","ocean_post_title_style":"background-image","ocean_post_title_background_color":"","ocean_post_title_background":5373,"ocean_post_title_bg_image_position":"bottom center","ocean_post_title_bg_image_attachment":"","ocean_post_title_bg_image_repeat":"","ocean_post_title_bg_image_size":"","ocean_post_title_height":0,"ocean_post_title_bg_overlay":0.5,"ocean_post_title_bg_overlay_color":"","ocean_disable_breadcrumbs":"default","ocean_breadcrumbs_color":"","ocean_breadcrumbs_separator_color":"","ocean_breadcrumbs_links_color":"","ocean_breadcrumbs_links_hover_color":"","ocean_display_footer_widgets":"default","ocean_display_footer_bottom":"default","ocean_custom_footer_template":"0","osh_disable_topbar_sticky":"default","osh_disable_header_sticky":"default","osh_sticky_header_style":"default","osh_sticky_header_effect":"","osh_custom_sticky_logo":0,"osh_custom_retina_sticky_logo":0,"osh_custom_sticky_logo_height":0,"osh_background_color":"","osh_links_color":"","osh_links_hover_color":"","osh_links_active_color":"","osh_links_bg_color":"","osh_links_hover_bg_color":"","osh_links_active_bg_color":"","osh_menu_social_links_color":"","osh_menu_social_hover_links_color":"","footnotes":""},"class_list":["post-10439","page","type-page","status-publish","hentry","entry"],"yoast_head":"<!-- This site is optimized with the Yoast SEO plugin v27.0 - https:\/\/yoast.com\/product\/yoast-seo-wordpress\/ -->\n<title>Rimec : Soci\u00e9t\u00e9 italienne - Appareils de r\u00e9\u00e9ducation passive%%page%<\/title>\n<meta name=\"description\" content=\"Depuis 1980, nous fabriquons des \u00e9quipements de r\u00e9\u00e9ducation passive pour le march\u00e9 italien et \u00e9tranger (Moyen-Orient, Am\u00e9rique, Asie, Australie...).\" \/>\n<meta name=\"robots\" content=\"index, follow, max-snippet:-1, max-image-preview:large, max-video-preview:-1\" \/>\n<link rel=\"canonical\" href=\"https:\/\/rimec.it\/fr\/entreprise-2\/\" \/>\n<meta property=\"og:locale\" content=\"fr_FR\" \/>\n<meta property=\"og:type\" content=\"article\" \/>\n<meta property=\"og:title\" content=\"Rimec : Soci\u00e9t\u00e9 italienne - Appareils de r\u00e9\u00e9ducation passive%%page%\" \/>\n<meta property=\"og:description\" content=\"Depuis 1980, nous fabriquons des \u00e9quipements de r\u00e9\u00e9ducation passive pour le march\u00e9 italien et \u00e9tranger (Moyen-Orient, Am\u00e9rique, Asie, Australie...).\" \/>\n<meta property=\"og:url\" content=\"https:\/\/rimec.it\/fr\/entreprise-2\/\" \/>\n<meta property=\"og:site_name\" content=\"Rimec\" \/>\n<meta property=\"article:publisher\" content=\"https:\/\/www.facebook.com\/pages\/Rimec-Srl\/442323525800057\" \/>\n<meta property=\"article:modified_time\" content=\"2025-12-19T09:22:17+00:00\" \/>\n<meta property=\"og:image\" content=\"https:\/\/rimec.it\/wp-content\/uploads\/2025\/12\/SCR-20251219-jmjn.png\" \/>\n\t<meta property=\"og:image:width\" content=\"852\" \/>\n\t<meta property=\"og:image:height\" content=\"1188\" \/>\n\t<meta property=\"og:image:type\" content=\"image\/png\" \/>\n<meta name=\"twitter:card\" content=\"summary_large_image\" \/>\n<meta name=\"twitter:label1\" content=\"Dur\u00e9e de lecture estim\u00e9e\" \/>\n\t<meta name=\"twitter:data1\" content=\"1 minute\" \/>\n<script type=\"application\/ld+json\" class=\"yoast-schema-graph\">{\"@context\":\"https:\/\/schema.org\",\"@graph\":[{\"@type\":\"WebPage\",\"@id\":\"https:\/\/rimec.it\/fr\/entreprise-2\/\",\"url\":\"https:\/\/rimec.it\/fr\/entreprise-2\/\",\"name\":\"Rimec : Soci\u00e9t\u00e9 italienne - Appareils de r\u00e9\u00e9ducation passive%%page%\",\"isPartOf\":{\"@id\":\"https:\/\/rimec.it\/#website\"},\"primaryImageOfPage\":{\"@id\":\"https:\/\/rimec.it\/fr\/entreprise-2\/#primaryimage\"},\"image\":{\"@id\":\"https:\/\/rimec.it\/fr\/entreprise-2\/#primaryimage\"},\"thumbnailUrl\":\"https:\/\/rimec.it\/wp-content\/uploads\/2025\/12\/SCR-20251219-jmjn.png\",\"datePublished\":\"2022-07-25T08:00:43+00:00\",\"dateModified\":\"2025-12-19T09:22:17+00:00\",\"description\":\"Depuis 1980, nous fabriquons des \u00e9quipements de r\u00e9\u00e9ducation passive pour le march\u00e9 italien et \u00e9tranger (Moyen-Orient, Am\u00e9rique, Asie, Australie...).\",\"breadcrumb\":{\"@id\":\"https:\/\/rimec.it\/fr\/entreprise-2\/#breadcrumb\"},\"inLanguage\":\"fr-FR\",\"potentialAction\":[{\"@type\":\"ReadAction\",\"target\":[\"https:\/\/rimec.it\/fr\/entreprise-2\/\"]}]},{\"@type\":\"ImageObject\",\"inLanguage\":\"fr-FR\",\"@id\":\"https:\/\/rimec.it\/fr\/entreprise-2\/#primaryimage\",\"url\":\"https:\/\/rimec.it\/wp-content\/uploads\/2025\/12\/SCR-20251219-jmjn.png\",\"contentUrl\":\"https:\/\/rimec.it\/wp-content\/uploads\/2025\/12\/SCR-20251219-jmjn.png\"},{\"@type\":\"BreadcrumbList\",\"@id\":\"https:\/\/rimec.it\/fr\/entreprise-2\/#breadcrumb\",\"itemListElement\":[{\"@type\":\"ListItem\",\"position\":1,\"name\":\"Home\",\"item\":\"https:\/\/rimec.it\/fr\/\"},{\"@type\":\"ListItem\",\"position\":2,\"name\":\"Entreprise\"}]},{\"@type\":\"WebSite\",\"@id\":\"https:\/\/rimec.it\/#website\",\"url\":\"https:\/\/rimec.it\/\",\"name\":\"Rimec - Mobilizzazione passiva\",\"description\":\"Mobilizzazione passiva dal 1980\",\"publisher\":{\"@id\":\"https:\/\/rimec.it\/#organization\"},\"potentialAction\":[{\"@type\":\"SearchAction\",\"target\":{\"@type\":\"EntryPoint\",\"urlTemplate\":\"https:\/\/rimec.it\/?s={search_term_string}\"},\"query-input\":{\"@type\":\"PropertyValueSpecification\",\"valueRequired\":true,\"valueName\":\"search_term_string\"}}],\"inLanguage\":\"fr-FR\"},{\"@type\":\"Organization\",\"@id\":\"https:\/\/rimec.it\/#organization\",\"name\":\"Rimec Srl\",\"url\":\"https:\/\/rimec.it\/\",\"logo\":{\"@type\":\"ImageObject\",\"inLanguage\":\"fr-FR\",\"@id\":\"https:\/\/rimec.it\/#\/schema\/logo\/image\/\",\"url\":\"https:\/\/rimec.it\/wp-content\/uploads\/2016\/07\/logo-Rimec-big.png\",\"contentUrl\":\"https:\/\/rimec.it\/wp-content\/uploads\/2016\/07\/logo-Rimec-big.png\",\"width\":2000,\"height\":778,\"caption\":\"Rimec Srl\"},\"image\":{\"@id\":\"https:\/\/rimec.it\/#\/schema\/logo\/image\/\"},\"sameAs\":[\"https:\/\/www.facebook.com\/pages\/Rimec-Srl\/442323525800057\",\"https:\/\/www.linkedin.com\/company\/2910227\",\"https:\/\/www.youtube.com\/user\/Fisiotek3000\"]}]}<\/script>\n<!-- \/ Yoast SEO plugin. -->","yoast_head_json":{"title":"Rimec : Soci\u00e9t\u00e9 italienne - Appareils de r\u00e9\u00e9ducation passive%%page%","description":"Depuis 1980, nous fabriquons des \u00e9quipements de r\u00e9\u00e9ducation passive pour le march\u00e9 italien et \u00e9tranger (Moyen-Orient, Am\u00e9rique, Asie, Australie...).","robots":{"index":"index","follow":"follow","max-snippet":"max-snippet:-1","max-image-preview":"max-image-preview:large","max-video-preview":"max-video-preview:-1"},"canonical":"https:\/\/rimec.it\/fr\/entreprise-2\/","og_locale":"fr_FR","og_type":"article","og_title":"Rimec : Soci\u00e9t\u00e9 italienne - Appareils de r\u00e9\u00e9ducation passive%%page%","og_description":"Depuis 1980, nous fabriquons des \u00e9quipements de r\u00e9\u00e9ducation passive pour le march\u00e9 italien et \u00e9tranger (Moyen-Orient, Am\u00e9rique, Asie, Australie...).","og_url":"https:\/\/rimec.it\/fr\/entreprise-2\/","og_site_name":"Rimec","article_publisher":"https:\/\/www.facebook.com\/pages\/Rimec-Srl\/442323525800057","article_modified_time":"2025-12-19T09:22:17+00:00","og_image":[{"width":852,"height":1188,"url":"https:\/\/rimec.it\/wp-content\/uploads\/2025\/12\/SCR-20251219-jmjn.png","type":"image\/png"}],"twitter_card":"summary_large_image","twitter_misc":{"Dur\u00e9e de lecture estim\u00e9e":"1 minute"},"schema":{"@context":"https:\/\/schema.org","@graph":[{"@type":"WebPage","@id":"https:\/\/rimec.it\/fr\/entreprise-2\/","url":"https:\/\/rimec.it\/fr\/entreprise-2\/","name":"Rimec : Soci\u00e9t\u00e9 italienne - Appareils de r\u00e9\u00e9ducation passive%%page%","isPartOf":{"@id":"https:\/\/rimec.it\/#website"},"primaryImageOfPage":{"@id":"https:\/\/rimec.it\/fr\/entreprise-2\/#primaryimage"},"image":{"@id":"https:\/\/rimec.it\/fr\/entreprise-2\/#primaryimage"},"thumbnailUrl":"https:\/\/rimec.it\/wp-content\/uploads\/2025\/12\/SCR-20251219-jmjn.png","datePublished":"2022-07-25T08:00:43+00:00","dateModified":"2025-12-19T09:22:17+00:00","description":"Depuis 1980, nous fabriquons des \u00e9quipements de r\u00e9\u00e9ducation passive pour le march\u00e9 italien et \u00e9tranger (Moyen-Orient, Am\u00e9rique, Asie, Australie...).","breadcrumb":{"@id":"https:\/\/rimec.it\/fr\/entreprise-2\/#breadcrumb"},"inLanguage":"fr-FR","potentialAction":[{"@type":"ReadAction","target":["https:\/\/rimec.it\/fr\/entreprise-2\/"]}]},{"@type":"ImageObject","inLanguage":"fr-FR","@id":"https:\/\/rimec.it\/fr\/entreprise-2\/#primaryimage","url":"https:\/\/rimec.it\/wp-content\/uploads\/2025\/12\/SCR-20251219-jmjn.png","contentUrl":"https:\/\/rimec.it\/wp-content\/uploads\/2025\/12\/SCR-20251219-jmjn.png"},{"@type":"BreadcrumbList","@id":"https:\/\/rimec.it\/fr\/entreprise-2\/#breadcrumb","itemListElement":[{"@type":"ListItem","position":1,"name":"Home","item":"https:\/\/rimec.it\/fr\/"},{"@type":"ListItem","position":2,"name":"Entreprise"}]},{"@type":"WebSite","@id":"https:\/\/rimec.it\/#website","url":"https:\/\/rimec.it\/","name":"Rimec - Mobilizzazione passiva","description":"Mobilizzazione passiva dal 1980","publisher":{"@id":"https:\/\/rimec.it\/#organization"},"potentialAction":[{"@type":"SearchAction","target":{"@type":"EntryPoint","urlTemplate":"https:\/\/rimec.it\/?s={search_term_string}"},"query-input":{"@type":"PropertyValueSpecification","valueRequired":true,"valueName":"search_term_string"}}],"inLanguage":"fr-FR"},{"@type":"Organization","@id":"https:\/\/rimec.it\/#organization","name":"Rimec Srl","url":"https:\/\/rimec.it\/","logo":{"@type":"ImageObject","inLanguage":"fr-FR","@id":"https:\/\/rimec.it\/#\/schema\/logo\/image\/","url":"https:\/\/rimec.it\/wp-content\/uploads\/2016\/07\/logo-Rimec-big.png","contentUrl":"https:\/\/rimec.it\/wp-content\/uploads\/2016\/07\/logo-Rimec-big.png","width":2000,"height":778,"caption":"Rimec Srl"},"image":{"@id":"https:\/\/rimec.it\/#\/schema\/logo\/image\/"},"sameAs":["https:\/\/www.facebook.com\/pages\/Rimec-Srl\/442323525800057","https:\/\/www.linkedin.com\/company\/2910227","https:\/\/www.youtube.com\/user\/Fisiotek3000"]}]}},"_links":{"self":[{"href":"https:\/\/rimec.it\/fr\/wp-json\/wp\/v2\/pages\/10439","targetHints":{"allow":["GET"]}}],"collection":[{"href":"https:\/\/rimec.it\/fr\/wp-json\/wp\/v2\/pages"}],"about":[{"href":"https:\/\/rimec.it\/fr\/wp-json\/wp\/v2\/types\/page"}],"author":[{"embeddable":true,"href":"https:\/\/rimec.it\/fr\/wp-json\/wp\/v2\/users\/3"}],"replies":[{"embeddable":true,"href":"https:\/\/rimec.it\/fr\/wp-json\/wp\/v2\/comments?post=10439"}],"version-history":[{"count":10,"href":"https:\/\/rimec.it\/fr\/wp-json\/wp\/v2\/pages\/10439\/revisions"}],"predecessor-version":[{"id":12116,"href":"https:\/\/rimec.it\/fr\/wp-json\/wp\/v2\/pages\/10439\/revisions\/12116"}],"wp:attachment":[{"href":"https:\/\/rimec.it\/fr\/wp-json\/wp\/v2\/media?parent=10439"}],"curies":[{"name":"wp","href":"https:\/\/api.w.org\/{rel}","templated":true}]}}