{"id":10443,"date":"2022-07-25T10:09:11","date_gmt":"2022-07-25T08:09:11","guid":{"rendered":"http:\/\/rimec.it\/agencia\/"},"modified":"2025-12-19T10:23:56","modified_gmt":"2025-12-19T09:23:56","slug":"agencia","status":"publish","type":"page","link":"https:\/\/rimec.it\/es\/agencia\/","title":{"rendered":"Agencia"},"content":{"rendered":"\t\t<div data-elementor-type=\"wp-post\" data-elementor-id=\"10443\" class=\"elementor elementor-10443 elementor-16\">\n\t\t\t\t\t\t<section class=\"elementor-section elementor-top-section elementor-element elementor-element-29343a84 elementor-section-content-middle elementor-section-boxed elementor-section-height-default elementor-section-height-default\" data-id=\"29343a84\" data-element_type=\"section\" data-e-type=\"section\">\n\t\t\t\t\t\t<div class=\"elementor-container elementor-column-gap-no\">\n\t\t\t\t\t<div class=\"elementor-column elementor-col-50 elementor-top-column elementor-element elementor-element-7053c47d\" data-id=\"7053c47d\" data-element_type=\"column\" data-e-type=\"column\">\n\t\t\t<div class=\"elementor-widget-wrap elementor-element-populated\">\n\t\t\t\t\t\t<div class=\"elementor-element elementor-element-32117a64 elementor-widget elementor-widget-text-editor\" data-id=\"32117a64\" data-element_type=\"widget\" data-e-type=\"widget\" data-widget_type=\"text-editor.default\">\n\t\t\t\t<div class=\"elementor-widget-container\">\n\t\t\t\t\t\t\t\t\t<p style=\"text-align: justify;\">En 1980 <strong>Rimec,<\/strong> de acuerdo con un proyecto de reconversi\u00f3n productiva, orienta su producci\u00f3n al sector de los equipos electrom\u00e9dicos, m\u00e1s concretamente, a la realizaci\u00f3n de m\u00e1quinas destinadas a la rehabilitaci\u00f3n pasiva. En este sector Rimec se est\u00e1 consolidando a nivel mundial y compite con empresas multinacionales que cubren todo el universo de los productos destinados a la sanidad.<\/p><p style=\"text-align: justify;\">El acercamiento con el mercado se produce con la participaci\u00f3n en las ferias internacionales m\u00e1s importantes del sector (<a href=\"https:\/\/rimec.it\/es\/eventos-y-noticias\/\">ver las \u00faltimas ferias a las que asistimos<\/a>), con la presencia en los congresos m\u00e9dicos especializados, durante los cuales la producci\u00f3n de la empresa se enfrenta al juicio de los cient\u00edficos mundo.<\/p><p>Para obtener informaci\u00f3n y especificaciones sobre nuestros equipos, consulte las hojas de datos de las m\u00e1quinas individuales o <a href=\"https:\/\/rimec.it\/es\/contactos-2\/\">cont\u00e1ctenos.<\/a><\/p>\t\t\t\t\t\t\t\t<\/div>\n\t\t\t\t<\/div>\n\t\t\t\t\t<\/div>\n\t\t<\/div>\n\t\t\t\t<div class=\"elementor-column elementor-col-50 elementor-top-column elementor-element elementor-element-c1f7a85\" data-id=\"c1f7a85\" data-element_type=\"column\" data-e-type=\"column\">\n\t\t\t<div class=\"elementor-widget-wrap elementor-element-populated\">\n\t\t\t\t\t\t<div class=\"elementor-element elementor-element-8a090cd elementor-widget elementor-widget-image\" data-id=\"8a090cd\" data-element_type=\"widget\" data-e-type=\"widget\" data-widget_type=\"image.default\">\n\t\t\t\t<div class=\"elementor-widget-container\">\n\t\t\t\t\t\t\t\t\t\t\t\t\t\t\t\t<a href=\"https:\/\/rimec.it\/wp-content\/uploads\/2025\/12\/SCR-20251219-jmjn.png\" data-elementor-open-lightbox=\"yes\" data-elementor-lightbox-title=\"SCR-20251219-jmjn\" data-e-action-hash=\"#elementor-action%3Aaction%3Dlightbox%26settings%3DeyJpZCI6MTIxMTMsInVybCI6Imh0dHBzOlwvXC9yaW1lYy5pdFwvd3AtY29udGVudFwvdXBsb2Fkc1wvMjAyNVwvMTJcL1NDUi0yMDI1MTIxOS1qbWpuLnBuZyJ9\">\n\t\t\t\t\t\t\t<img decoding=\"async\" width=\"1\" height=\"1\" src=\"https:\/\/rimec.it\/wp-content\/uploads\/2025\/12\/SCR-20251219-jmjn.png\" class=\"attachment-large size-large wp-image-12113\" alt=\"\" \/>\t\t\t\t\t\t\t\t<\/a>\n\t\t\t\t\t\t\t\t\t\t\t\t\t\t\t<\/div>\n\t\t\t\t<\/div>\n\t\t\t\t\t<\/div>\n\t\t<\/div>\n\t\t\t\t\t<\/div>\n\t\t<\/section>\n\t\t\t\t<section class=\"elementor-section elementor-top-section elementor-element elementor-element-c35446e elementor-section-boxed elementor-section-height-default elementor-section-height-default\" data-id=\"c35446e\" data-element_type=\"section\" data-e-type=\"section\" data-settings=\"{&quot;background_background&quot;:&quot;classic&quot;}\">\n\t\t\t\t\t\t<div class=\"elementor-container elementor-column-gap-default\">\n\t\t\t\t\t<div class=\"elementor-column elementor-col-100 elementor-top-column elementor-element elementor-element-dbca912\" data-id=\"dbca912\" data-element_type=\"column\" data-e-type=\"column\">\n\t\t\t<div class=\"elementor-widget-wrap elementor-element-populated\">\n\t\t\t\t\t\t<section class=\"elementor-section elementor-inner-section elementor-element elementor-element-b6ad795 elementor-section-boxed elementor-section-height-default elementor-section-height-default\" data-id=\"b6ad795\" data-element_type=\"section\" data-e-type=\"section\">\n\t\t\t\t\t\t<div class=\"elementor-container elementor-column-gap-wider\">\n\t\t\t\t\t<div class=\"elementor-column elementor-col-33 elementor-inner-column elementor-element elementor-element-2e60688\" data-id=\"2e60688\" data-element_type=\"column\" data-e-type=\"column\">\n\t\t\t<div class=\"elementor-widget-wrap elementor-element-populated\">\n\t\t\t\t\t\t<div class=\"elementor-element elementor-element-641de9f elementor-view-default elementor-position-block-start elementor-mobile-position-block-start elementor-widget elementor-widget-icon-box\" data-id=\"641de9f\" data-element_type=\"widget\" data-e-type=\"widget\" data-widget_type=\"icon-box.default\">\n\t\t\t\t<div class=\"elementor-widget-container\">\n\t\t\t\t\t\t\t<div class=\"elementor-icon-box-wrapper\">\n\n\t\t\t\t\t\t<div class=\"elementor-icon-box-icon\">\n\t\t\t\t<span  class=\"elementor-icon\">\n\t\t\t\t<i aria-hidden=\"true\" class=\"fas fa-chart-pie\"><\/i>\t\t\t\t<\/span>\n\t\t\t<\/div>\n\t\t\t\n\t\t\t\t\t\t<div class=\"elementor-icon-box-content\">\n\n\t\t\t\t\t\t\t\t\t<h3 class=\"elementor-icon-box-title\">\n\t\t\t\t\t\t<span  >\n\t\t\t\t\t\t\tCalidad - Tecnolog\u00eda - Innovaci\u00f3n\t\t\t\t\t\t<\/span>\n\t\t\t\t\t<\/h3>\n\t\t\t\t\n\t\t\t\t\t\t\t\t\t<p class=\"elementor-icon-box-description\">\n\t\t\t\t\t\tActualmente, la empresa est\u00e1 reconocida como una de las productoras m\u00e1s cualificadas de equipos para la rehabilitaci\u00f3n pasiva (CPM ); en 1997 introdujo en el mercado un Rehabilitador para el movimiento pasivo de las articulaciones de las extremidades superiores fuertemente innovador, que situaba a la empresa, como calidad de la propuesta, en la c\u00faspide del segmento de mercado al que se dirig\u00eda.\t\t\t\t\t<\/p>\n\t\t\t\t\n\t\t\t<\/div>\n\t\t\t\n\t\t<\/div>\n\t\t\t\t\t\t<\/div>\n\t\t\t\t<\/div>\n\t\t\t\t\t<\/div>\n\t\t<\/div>\n\t\t\t\t<div class=\"elementor-column elementor-col-33 elementor-inner-column elementor-element elementor-element-e2210d5\" data-id=\"e2210d5\" data-element_type=\"column\" data-e-type=\"column\">\n\t\t\t<div class=\"elementor-widget-wrap elementor-element-populated\">\n\t\t\t\t\t\t<div class=\"elementor-element elementor-element-cfbff89 elementor-view-default elementor-position-block-start elementor-mobile-position-block-start elementor-widget elementor-widget-icon-box\" data-id=\"cfbff89\" data-element_type=\"widget\" data-e-type=\"widget\" data-widget_type=\"icon-box.default\">\n\t\t\t\t<div class=\"elementor-widget-container\">\n\t\t\t\t\t\t\t<div class=\"elementor-icon-box-wrapper\">\n\n\t\t\t\t\t\t<div class=\"elementor-icon-box-icon\">\n\t\t\t\t<span  class=\"elementor-icon\">\n\t\t\t\t<i aria-hidden=\"true\" class=\"fas fa-recycle\"><\/i>\t\t\t\t<\/span>\n\t\t\t<\/div>\n\t\t\t\n\t\t\t\t\t\t<div class=\"elementor-icon-box-content\">\n\n\t\t\t\t\t\t\t\t\t<h3 class=\"elementor-icon-box-title\">\n\t\t\t\t\t\t<span  >\n\t\t\t\t\t\t\tProductos en continua expansi\u00f3n\t\t\t\t\t\t<\/span>\n\t\t\t\t\t<\/h3>\n\t\t\t\t\n\t\t\t\t\t\t\t\t\t<p class=\"elementor-icon-box-description\">\n\t\t\t\t\t\tLa gama de productos Rimec se completa con equipos destinados a salas de yeso y primeros auxilios ortop\u00e9dicos. En 2013, la empresa presenta la 5\u00aa serie de movilizadores pasivos para el miembro inferior, la l\u00ednea Fisiotek 3000, que representa la evoluci\u00f3n moderna y funcional de los rehabilitadores pasivos. En 2014 se enriqueci\u00f3 la l\u00ednea destinada al miembro superior, presentando Fisiotek LT-G y Fisiotek LT-P, modelos concebidos respectivamente para la rehabilitaci\u00f3n del codo y la mu\u00f1eca.\n\n\t\t\t\t\t<\/p>\n\t\t\t\t\n\t\t\t<\/div>\n\t\t\t\n\t\t<\/div>\n\t\t\t\t\t\t<\/div>\n\t\t\t\t<\/div>\n\t\t\t\t\t<\/div>\n\t\t<\/div>\n\t\t\t\t<div class=\"elementor-column elementor-col-33 elementor-inner-column elementor-element elementor-element-d50c65f\" data-id=\"d50c65f\" data-element_type=\"column\" data-e-type=\"column\">\n\t\t\t<div class=\"elementor-widget-wrap elementor-element-populated\">\n\t\t\t\t\t\t<div class=\"elementor-element elementor-element-7e80c6c elementor-view-default elementor-position-block-start elementor-mobile-position-block-start elementor-widget elementor-widget-icon-box\" data-id=\"7e80c6c\" data-element_type=\"widget\" data-e-type=\"widget\" data-widget_type=\"icon-box.default\">\n\t\t\t\t<div class=\"elementor-widget-container\">\n\t\t\t\t\t\t\t<div class=\"elementor-icon-box-wrapper\">\n\n\t\t\t\t\t\t<div class=\"elementor-icon-box-icon\">\n\t\t\t\t<span  class=\"elementor-icon\">\n\t\t\t\t<i aria-hidden=\"true\" class=\"fas fa-chart-line\"><\/i>\t\t\t\t<\/span>\n\t\t\t<\/div>\n\t\t\t\n\t\t\t\t\t\t<div class=\"elementor-icon-box-content\">\n\n\t\t\t\t\t\t\t\t\t<h3 class=\"elementor-icon-box-title\">\n\t\t\t\t\t\t<span  >\n\t\t\t\t\t\t\tExpansi\u00f3n continua en el mercado internacional\t\t\t\t\t\t<\/span>\n\t\t\t\t\t<\/h3>\n\t\t\t\t\n\t\t\t\t\t\t\t\t\t<p class=\"elementor-icon-box-description\">\n\t\t\t\t\t\tA pesar de que hace poco que esta empresa ha entrado en este mercado, est\u00e1 presente en todos los pa\u00edses de la <strong>UE , as\u00ed como en Medio Oriente, Regi\u00f3n Subsahariana, Africa Meridional<\/strong>, <strong>America Central, Extremo Oriente, \u00c1rea del Golfo, Subcontinente Indio<\/strong>, <strong>Regi\u00f3n Cauc\u00e1sica, Asia Orienta<\/strong>l y <strong>Meridional, Australia.<\/strong>\t\t\t\t\t<\/p>\n\t\t\t\t\n\t\t\t<\/div>\n\t\t\t\n\t\t<\/div>\n\t\t\t\t\t\t<\/div>\n\t\t\t\t<\/div>\n\t\t\t\t\t<\/div>\n\t\t<\/div>\n\t\t\t\t\t<\/div>\n\t\t<\/section>\n\t\t\t\t\t<\/div>\n\t\t<\/div>\n\t\t\t\t\t<\/div>\n\t\t<\/section>\n\t\t\t\t<\/div>\n\t\t","protected":false},"excerpt":{"rendered":"<p>En 1980 Rimec, de acuerdo con un proyecto de reconversi\u00f3n productiva, orienta su producci\u00f3n al sector de los equipos electrom\u00e9dicos, m\u00e1s concretamente, a la realizaci\u00f3n de m\u00e1quinas destinadas a la rehabilitaci\u00f3n pasiva. En este sector Rimec se est\u00e1 consolidando a nivel mundial y compite con empresas multinacionales que cubren todo el universo de los productos [&hellip;]<\/p>\n","protected":false},"author":3,"featured_media":0,"parent":0,"menu_order":0,"comment_status":"closed","ping_status":"closed","template":"","meta":{"ocean_post_layout":"full-screen","ocean_both_sidebars_style":"","ocean_both_sidebars_content_width":0,"ocean_both_sidebars_sidebars_width":0,"ocean_sidebar":"0","ocean_second_sidebar":"0","ocean_disable_margins":"enable","ocean_add_body_class":"","ocean_shortcode_before_top_bar":"","ocean_shortcode_after_top_bar":"","ocean_shortcode_before_header":"","ocean_shortcode_after_header":"","ocean_has_shortcode":"","ocean_shortcode_after_title":"","ocean_shortcode_before_footer_widgets":"","ocean_shortcode_after_footer_widgets":"","ocean_shortcode_before_footer_bottom":"","ocean_shortcode_after_footer_bottom":"","ocean_display_top_bar":"default","ocean_display_header":"default","ocean_header_style":"","ocean_center_header_left_menu":"0","ocean_custom_header_template":"0","ocean_custom_logo":0,"ocean_custom_retina_logo":0,"ocean_custom_logo_max_width":0,"ocean_custom_logo_tablet_max_width":0,"ocean_custom_logo_mobile_max_width":0,"ocean_custom_logo_max_height":0,"ocean_custom_logo_tablet_max_height":0,"ocean_custom_logo_mobile_max_height":0,"ocean_header_custom_menu":"0","ocean_menu_typo_font_family":"0","ocean_menu_typo_font_subset":"","ocean_menu_typo_font_size":0,"ocean_menu_typo_font_size_tablet":0,"ocean_menu_typo_font_size_mobile":0,"ocean_menu_typo_font_size_unit":"px","ocean_menu_typo_font_weight":"","ocean_menu_typo_font_weight_tablet":"","ocean_menu_typo_font_weight_mobile":"","ocean_menu_typo_transform":"","ocean_menu_typo_transform_tablet":"","ocean_menu_typo_transform_mobile":"","ocean_menu_typo_line_height":0,"ocean_menu_typo_line_height_tablet":0,"ocean_menu_typo_line_height_mobile":0,"ocean_menu_typo_line_height_unit":"","ocean_menu_typo_spacing":0,"ocean_menu_typo_spacing_tablet":0,"ocean_menu_typo_spacing_mobile":0,"ocean_menu_typo_spacing_unit":"","ocean_menu_link_color":"","ocean_menu_link_color_hover":"","ocean_menu_link_color_active":"","ocean_menu_link_background":"","ocean_menu_link_hover_background":"","ocean_menu_link_active_background":"","ocean_menu_social_links_bg":"","ocean_menu_social_hover_links_bg":"","ocean_menu_social_links_color":"","ocean_menu_social_hover_links_color":"","ocean_disable_title":"default","ocean_disable_heading":"default","ocean_post_title":"","ocean_post_subheading":"","ocean_post_title_style":"background-image","ocean_post_title_background_color":"","ocean_post_title_background":5375,"ocean_post_title_bg_image_position":"bottom center","ocean_post_title_bg_image_attachment":"","ocean_post_title_bg_image_repeat":"","ocean_post_title_bg_image_size":"","ocean_post_title_height":0,"ocean_post_title_bg_overlay":0.5,"ocean_post_title_bg_overlay_color":"","ocean_disable_breadcrumbs":"default","ocean_breadcrumbs_color":"","ocean_breadcrumbs_separator_color":"","ocean_breadcrumbs_links_color":"","ocean_breadcrumbs_links_hover_color":"","ocean_display_footer_widgets":"default","ocean_display_footer_bottom":"default","ocean_custom_footer_template":"0","osh_disable_topbar_sticky":"default","osh_disable_header_sticky":"default","osh_sticky_header_style":"default","osh_sticky_header_effect":"","osh_custom_sticky_logo":0,"osh_custom_retina_sticky_logo":0,"osh_custom_sticky_logo_height":0,"osh_background_color":"","osh_links_color":"","osh_links_hover_color":"","osh_links_active_color":"","osh_links_bg_color":"","osh_links_hover_bg_color":"","osh_links_active_bg_color":"","osh_menu_social_links_color":"","osh_menu_social_hover_links_color":"","footnotes":""},"class_list":["post-10443","page","type-page","status-publish","hentry","entry"],"yoast_head":"<!-- This site is optimized with the Yoast SEO plugin v27.0 - https:\/\/yoast.com\/product\/yoast-seo-wordpress\/ -->\n<title>Rimec: empresa italiana - Pase de equipos de rehabilitaci\u00f3n<\/title>\n<meta name=\"description\" content=\"Desde 1980 producimos equipos de rehabilitaci\u00f3n pasiva para el mercado italiano y extranjero (Oriente Medio, Am\u00e9rica, Asia, Australia...\" \/>\n<meta name=\"robots\" content=\"index, follow, max-snippet:-1, max-image-preview:large, max-video-preview:-1\" \/>\n<link rel=\"canonical\" href=\"https:\/\/rimec.it\/es\/agencia\/\" \/>\n<meta property=\"og:locale\" content=\"es_ES\" \/>\n<meta property=\"og:type\" content=\"article\" \/>\n<meta property=\"og:title\" content=\"Rimec: empresa italiana - Pase de equipos de rehabilitaci\u00f3n\" \/>\n<meta property=\"og:description\" content=\"Desde 1980 producimos equipos de rehabilitaci\u00f3n pasiva para el mercado italiano y extranjero (Oriente Medio, Am\u00e9rica, Asia, Australia...\" \/>\n<meta property=\"og:url\" content=\"https:\/\/rimec.it\/es\/agencia\/\" \/>\n<meta property=\"og:site_name\" content=\"Rimec\" \/>\n<meta property=\"article:publisher\" content=\"https:\/\/www.facebook.com\/pages\/Rimec-Srl\/442323525800057\" \/>\n<meta property=\"article:modified_time\" content=\"2025-12-19T09:23:56+00:00\" \/>\n<meta property=\"og:image\" content=\"https:\/\/rimec.it\/wp-content\/uploads\/2025\/12\/SCR-20251219-jmjn.png\" \/>\n\t<meta property=\"og:image:width\" content=\"1\" \/>\n\t<meta property=\"og:image:height\" content=\"1\" \/>\n\t<meta property=\"og:image:type\" content=\"image\/png\" \/>\n<meta name=\"twitter:card\" content=\"summary_large_image\" \/>\n<meta name=\"twitter:label1\" content=\"Tiempo de lectura\" \/>\n\t<meta name=\"twitter:data1\" content=\"1 minuto\" \/>\n<script type=\"application\/ld+json\" class=\"yoast-schema-graph\">{\"@context\":\"https:\/\/schema.org\",\"@graph\":[{\"@type\":\"WebPage\",\"@id\":\"https:\/\/rimec.it\/es\/agencia\/\",\"url\":\"https:\/\/rimec.it\/es\/agencia\/\",\"name\":\"Rimec: empresa italiana - Pase de equipos de rehabilitaci\u00f3n\",\"isPartOf\":{\"@id\":\"https:\/\/rimec.it\/#website\"},\"primaryImageOfPage\":{\"@id\":\"https:\/\/rimec.it\/es\/agencia\/#primaryimage\"},\"image\":{\"@id\":\"https:\/\/rimec.it\/es\/agencia\/#primaryimage\"},\"thumbnailUrl\":\"https:\/\/rimec.it\/wp-content\/uploads\/2025\/12\/SCR-20251219-jmjn.png\",\"datePublished\":\"2022-07-25T08:09:11+00:00\",\"dateModified\":\"2025-12-19T09:23:56+00:00\",\"description\":\"Desde 1980 producimos equipos de rehabilitaci\u00f3n pasiva para el mercado italiano y extranjero (Oriente Medio, Am\u00e9rica, Asia, Australia...\",\"breadcrumb\":{\"@id\":\"https:\/\/rimec.it\/es\/agencia\/#breadcrumb\"},\"inLanguage\":\"es\",\"potentialAction\":[{\"@type\":\"ReadAction\",\"target\":[\"https:\/\/rimec.it\/es\/agencia\/\"]}]},{\"@type\":\"ImageObject\",\"inLanguage\":\"es\",\"@id\":\"https:\/\/rimec.it\/es\/agencia\/#primaryimage\",\"url\":\"https:\/\/rimec.it\/wp-content\/uploads\/2025\/12\/SCR-20251219-jmjn.png\",\"contentUrl\":\"https:\/\/rimec.it\/wp-content\/uploads\/2025\/12\/SCR-20251219-jmjn.png\"},{\"@type\":\"BreadcrumbList\",\"@id\":\"https:\/\/rimec.it\/es\/agencia\/#breadcrumb\",\"itemListElement\":[{\"@type\":\"ListItem\",\"position\":1,\"name\":\"Home\",\"item\":\"https:\/\/rimec.it\/es\/\"},{\"@type\":\"ListItem\",\"position\":2,\"name\":\"Agencia\"}]},{\"@type\":\"WebSite\",\"@id\":\"https:\/\/rimec.it\/#website\",\"url\":\"https:\/\/rimec.it\/\",\"name\":\"Rimec - Mobilizzazione passiva\",\"description\":\"Mobilizzazione passiva dal 1980\",\"publisher\":{\"@id\":\"https:\/\/rimec.it\/#organization\"},\"potentialAction\":[{\"@type\":\"SearchAction\",\"target\":{\"@type\":\"EntryPoint\",\"urlTemplate\":\"https:\/\/rimec.it\/?s={search_term_string}\"},\"query-input\":{\"@type\":\"PropertyValueSpecification\",\"valueRequired\":true,\"valueName\":\"search_term_string\"}}],\"inLanguage\":\"es\"},{\"@type\":\"Organization\",\"@id\":\"https:\/\/rimec.it\/#organization\",\"name\":\"Rimec Srl\",\"url\":\"https:\/\/rimec.it\/\",\"logo\":{\"@type\":\"ImageObject\",\"inLanguage\":\"es\",\"@id\":\"https:\/\/rimec.it\/#\/schema\/logo\/image\/\",\"url\":\"https:\/\/rimec.it\/wp-content\/uploads\/2016\/07\/logo-Rimec-big.png\",\"contentUrl\":\"https:\/\/rimec.it\/wp-content\/uploads\/2016\/07\/logo-Rimec-big.png\",\"width\":2000,\"height\":778,\"caption\":\"Rimec Srl\"},\"image\":{\"@id\":\"https:\/\/rimec.it\/#\/schema\/logo\/image\/\"},\"sameAs\":[\"https:\/\/www.facebook.com\/pages\/Rimec-Srl\/442323525800057\",\"https:\/\/www.linkedin.com\/company\/2910227\",\"https:\/\/www.youtube.com\/user\/Fisiotek3000\"]}]}<\/script>\n<!-- \/ Yoast SEO plugin. -->","yoast_head_json":{"title":"Rimec: empresa italiana - Pase de equipos de rehabilitaci\u00f3n","description":"Desde 1980 producimos equipos de rehabilitaci\u00f3n pasiva para el mercado italiano y extranjero (Oriente Medio, Am\u00e9rica, Asia, Australia...","robots":{"index":"index","follow":"follow","max-snippet":"max-snippet:-1","max-image-preview":"max-image-preview:large","max-video-preview":"max-video-preview:-1"},"canonical":"https:\/\/rimec.it\/es\/agencia\/","og_locale":"es_ES","og_type":"article","og_title":"Rimec: empresa italiana - Pase de equipos de rehabilitaci\u00f3n","og_description":"Desde 1980 producimos equipos de rehabilitaci\u00f3n pasiva para el mercado italiano y extranjero (Oriente Medio, Am\u00e9rica, Asia, Australia...","og_url":"https:\/\/rimec.it\/es\/agencia\/","og_site_name":"Rimec","article_publisher":"https:\/\/www.facebook.com\/pages\/Rimec-Srl\/442323525800057","article_modified_time":"2025-12-19T09:23:56+00:00","og_image":[{"url":"https:\/\/rimec.it\/wp-content\/uploads\/2025\/12\/SCR-20251219-jmjn.png","width":1,"height":1,"type":"image\/png"}],"twitter_card":"summary_large_image","twitter_misc":{"Tiempo de lectura":"1 minuto"},"schema":{"@context":"https:\/\/schema.org","@graph":[{"@type":"WebPage","@id":"https:\/\/rimec.it\/es\/agencia\/","url":"https:\/\/rimec.it\/es\/agencia\/","name":"Rimec: empresa italiana - Pase de equipos de rehabilitaci\u00f3n","isPartOf":{"@id":"https:\/\/rimec.it\/#website"},"primaryImageOfPage":{"@id":"https:\/\/rimec.it\/es\/agencia\/#primaryimage"},"image":{"@id":"https:\/\/rimec.it\/es\/agencia\/#primaryimage"},"thumbnailUrl":"https:\/\/rimec.it\/wp-content\/uploads\/2025\/12\/SCR-20251219-jmjn.png","datePublished":"2022-07-25T08:09:11+00:00","dateModified":"2025-12-19T09:23:56+00:00","description":"Desde 1980 producimos equipos de rehabilitaci\u00f3n pasiva para el mercado italiano y extranjero (Oriente Medio, Am\u00e9rica, Asia, Australia...","breadcrumb":{"@id":"https:\/\/rimec.it\/es\/agencia\/#breadcrumb"},"inLanguage":"es","potentialAction":[{"@type":"ReadAction","target":["https:\/\/rimec.it\/es\/agencia\/"]}]},{"@type":"ImageObject","inLanguage":"es","@id":"https:\/\/rimec.it\/es\/agencia\/#primaryimage","url":"https:\/\/rimec.it\/wp-content\/uploads\/2025\/12\/SCR-20251219-jmjn.png","contentUrl":"https:\/\/rimec.it\/wp-content\/uploads\/2025\/12\/SCR-20251219-jmjn.png"},{"@type":"BreadcrumbList","@id":"https:\/\/rimec.it\/es\/agencia\/#breadcrumb","itemListElement":[{"@type":"ListItem","position":1,"name":"Home","item":"https:\/\/rimec.it\/es\/"},{"@type":"ListItem","position":2,"name":"Agencia"}]},{"@type":"WebSite","@id":"https:\/\/rimec.it\/#website","url":"https:\/\/rimec.it\/","name":"Rimec - Mobilizzazione passiva","description":"Mobilizzazione passiva dal 1980","publisher":{"@id":"https:\/\/rimec.it\/#organization"},"potentialAction":[{"@type":"SearchAction","target":{"@type":"EntryPoint","urlTemplate":"https:\/\/rimec.it\/?s={search_term_string}"},"query-input":{"@type":"PropertyValueSpecification","valueRequired":true,"valueName":"search_term_string"}}],"inLanguage":"es"},{"@type":"Organization","@id":"https:\/\/rimec.it\/#organization","name":"Rimec Srl","url":"https:\/\/rimec.it\/","logo":{"@type":"ImageObject","inLanguage":"es","@id":"https:\/\/rimec.it\/#\/schema\/logo\/image\/","url":"https:\/\/rimec.it\/wp-content\/uploads\/2016\/07\/logo-Rimec-big.png","contentUrl":"https:\/\/rimec.it\/wp-content\/uploads\/2016\/07\/logo-Rimec-big.png","width":2000,"height":778,"caption":"Rimec Srl"},"image":{"@id":"https:\/\/rimec.it\/#\/schema\/logo\/image\/"},"sameAs":["https:\/\/www.facebook.com\/pages\/Rimec-Srl\/442323525800057","https:\/\/www.linkedin.com\/company\/2910227","https:\/\/www.youtube.com\/user\/Fisiotek3000"]}]}},"_links":{"self":[{"href":"https:\/\/rimec.it\/es\/wp-json\/wp\/v2\/pages\/10443","targetHints":{"allow":["GET"]}}],"collection":[{"href":"https:\/\/rimec.it\/es\/wp-json\/wp\/v2\/pages"}],"about":[{"href":"https:\/\/rimec.it\/es\/wp-json\/wp\/v2\/types\/page"}],"author":[{"embeddable":true,"href":"https:\/\/rimec.it\/es\/wp-json\/wp\/v2\/users\/3"}],"replies":[{"embeddable":true,"href":"https:\/\/rimec.it\/es\/wp-json\/wp\/v2\/comments?post=10443"}],"version-history":[{"count":7,"href":"https:\/\/rimec.it\/es\/wp-json\/wp\/v2\/pages\/10443\/revisions"}],"predecessor-version":[{"id":12119,"href":"https:\/\/rimec.it\/es\/wp-json\/wp\/v2\/pages\/10443\/revisions\/12119"}],"wp:attachment":[{"href":"https:\/\/rimec.it\/es\/wp-json\/wp\/v2\/media?parent=10443"}],"curies":[{"name":"wp","href":"https:\/\/api.w.org\/{rel}","templated":true}]}}