{"id":1220,"date":"2016-07-07T12:01:50","date_gmt":"2016-07-07T10:01:50","guid":{"rendered":"http:\/\/test.caronteconsulting.com\/de\/?page_id=1220"},"modified":"2021-12-02T14:53:46","modified_gmt":"2021-12-02T13:53:46","slug":"rimec-passive-mobilisierung-von-1980","status":"publish","type":"page","link":"https:\/\/rimec.it\/de\/rimec-passive-mobilisierung-von-1980\/","title":{"rendered":"Rimec &#8211; Passive Mobilisierung von 1980"},"content":{"rendered":"<p>[vc_row full_width=&#8220;stretch_row_content&#8220; css=&#8220;.vc_custom_1619691542830{margin-top: 0px !important;margin-right: 0px !important;margin-bottom: 0px !important;margin-left: 0px !important;padding-top: 0px !important;padding-right: 0px !important;padding-bottom: 0px !important;padding-left: 0px !important;}&#8220; el_class=&#8220;home-slider&#8220;][vc_column css=&#8220;.vc_custom_1619686943034{margin-top: 0px !important;margin-right: 0px !important;margin-bottom: 0px !important;margin-left: 0px !important;padding-top: 0px !important;padding-right: 0px !important;padding-bottom: 0px !important;padding-left: 0px !important;}&#8220;][vc_images_carousel images=&#8220;4440,4441&#8243; img_size=&#8220;full&#8220; onclick=&#8220;custom_link&#8220; autoplay=&#8220;yes&#8220; wrap=&#8220;yes&#8220; css=&#8220;.vc_custom_1619691438136{margin-top: 0px !important;margin-right: 0px !important;margin-bottom: 0px !important;margin-left: 0px !important;border-right-width: 0px !important;border-left-width: 0px !important;padding-top: 0px !important;padding-right: 0px !important;padding-bottom: 0px !important;padding-left: 0px !important;}&#8220; custom_links=&#8220;#E-8_aHR0cHMlM0ElMkYlMkZ3d3cucmltZWMuaXQlMkZwcm9kb3R0aSUyRmZpc2lvdGVrLWhwMiUyRiUyQ2h0dHBzJTNBJTJGJTJGd3d3LnJpbWVjLml0JTJGcHJvZG90dGklMkZmaXNpb3Rlay0zMDAwLWUlMkY=&#8220;][\/vc_column][\/vc_row][vc_row equal_height=&#8220;yes&#8220; kwoon_bg=&#8220;inverse&#8220; css=&#8220;.vc_custom_1619692291640{background-color: #004d90 !important;}&#8220;][vc_column][vc_row_inner equal_height=&#8220;yes&#8220; content_placement=&#8220;middle&#8220;][vc_column_inner width=&#8220;2\/3&#8243;][kwoon_section_title]Il prossimo <strong>evento<\/strong>[\/kwoon_section_title][vc_column_text]Hier ist die n\u00e4chste veranstaltung, an der wir als aussteller oder als g\u00e4ste teilnehmen werden. Eine fantastische gelegenheit, sich kennenzulernen, ein moment des austauschs und vergleichs f\u00fcr uns und f\u00fcr sie! Nicht verpassen![\/vc_column_text][vc_column_text]<\/p>\n<h3 style=\"text-align: center;\"><span style=\"color: #0c286d;\">EXPOSANITA&#8216; &#8211; vom 4. bis 6. Mai 2022 BOLOGNA<\/span><\/h3>\n<p>[\/vc_column_text][\/vc_column_inner][vc_column_inner width=&#8220;1\/3&#8243;][vc_single_image image=&#8220;4662&#8243; img_size=&#8220;full&#8220; alignment=&#8220;center&#8220;][\/vc_column_inner][\/vc_row_inner][\/vc_column][\/vc_row][vc_row][vc_column][kwoon_section_title]La nostra <strong>azienda<\/strong>[\/kwoon_section_title][vc_column_text]<\/p>\n<p class=\"lead\" style=\"text-align: center;\">RIMEC hat Ausr\u00fcstungen f\u00fcr passive Mobilisierung seit 1980 hergestellt.<\/p>\n<p class=\"lead\" style=\"text-align: center;\">Heute ist RIMEC als eine der Verweisungen Sektors hat qualifiziertest Hersteller anerkannt<\/p>\n<p>[\/vc_column_text][vc_row_inner][vc_column_inner width=&#8220;1\/12&#8243;][\/vc_column_inner][vc_column_inner width=&#8220;10\/12&#8243;][vc_video link=&#8220;https:\/\/www.youtube.com\/watch?v=Lw3QmJNSogI&#8220; align=&#8220;center&#8220;][\/vc_column_inner][vc_column_inner width=&#8220;1\/12&#8243;][\/vc_column_inner][\/vc_row_inner][\/vc_column][\/vc_row][vc_row kwoon_bg=&#8220;inverse&#8220; css=&#8220;.vc_custom_1619688404638{background-color: #004d90 !important;}&#8220;][vc_column][vc_single_image image=&#8220;1003&#8243; img_size=&#8220;full&#8220; alignment=&#8220;center&#8220;][vc_empty_space][vc_column_text]<\/p>\n<h3 style=\"text-align: center;\">Passive Mobilisierung von 1980<\/h3>\n<p>[\/vc_column_text][vc_empty_space][vc_single_image image=&#8220;1715&#8243; img_size=&#8220;full&#8220; alignment=&#8220;center&#8220;][\/vc_column][\/vc_row][vc_row kwoon_bg=&#8220;light&#8220; el_class=&#8220;center&#8220;][vc_column][vc_column_text]<\/p>\n<h3 class=\"main-title\" style=\"text-align: center;\"><strong>Fisiotek 3000<\/strong><\/h3>\n<p class=\"lead\" style=\"text-align: center;\">Passive Mobilisierung de knie, H\u00fcfte und Fu\u00dfgelenk.<\/p>\n<p>[\/vc_column_text][vc_masonry_grid post_type=&#8220;portfolio&#8220; max_items=&#8220;999&#8243; element_width=&#8220;6&#8243; gap=&#8220;5&#8243; orderby=&#8220;title&#8220; order=&#8220;ASC&#8220; item=&#8220;masonryGrid_BlurOut&#8220; grid_id=&#8220;vc_gid:1638441117474-192402e59d742d62af2db94894484b6d-1&#8243; taxonomies=&#8220;48&#8243;][vc_empty_space][vc_single_image image=&#8220;1723&#8243; img_size=&#8220;full&#8220; alignment=&#8220;center&#8220;][\/vc_column][\/vc_row][vc_row kwoon_bg=&#8220;inverse&#8220; css=&#8220;.vc_custom_1619688335251{background-color: #aaaaaa !important;}&#8220;][vc_column width=&#8220;1\/12&#8243;][\/vc_column][vc_column width=&#8220;10\/12&#8243;][kwoon_section_title]I <strong>video<\/strong> dei nostri prodotti<strong><br \/>\n<\/strong>[\/kwoon_section_title][vc_video link=&#8220;https:\/\/www.youtube.com\/watch?v=KXfCNuhj7mw&#8220; align=&#8220;center&#8220;][vc_column_text]<\/p>\n<p style=\"text-align: center;\"><a class=\"btn\" href=\"https:\/\/www.youtube.com\/user\/Fisiotek3000\" target=\"_blank\" rel=\"noopener\">BESUCHEN SIE UNS SEITE YOUTUBE<\/a><\/p>\n<p>[\/vc_column_text][\/vc_column][vc_column width=&#8220;1\/12&#8243;][\/vc_column][\/vc_row][vc_row full_width=&#8220;stretch_row&#8220; css=&#8220;.vc_custom_1619688427197{background-color: #e0e0e0 !important;}&#8220; el_class=&#8220;semitransparent center&#8220; el_id=&#8220;fisioteklt&#8220;][vc_column][\/vc_column][\/vc_row][vc_row][vc_column][vc_single_image image=&#8220;1723&#8243; img_size=&#8220;full&#8220; alignment=&#8220;center&#8220;][vc_column_text]<\/p>\n<p class=\"lead dark\" style=\"text-align: center;\">Kompaktmaschinen f\u00fcr die passive mobilisierung von schulter, handgelenk und ellbogen<\/p>\n<p>[\/vc_column_text][vc_row_inner][vc_column_inner][vc_masonry_grid post_type=&#8220;portfolio&#8220; max_items=&#8220;999&#8243; element_width=&#8220;6&#8243; gap=&#8220;5&#8243; orderby=&#8220;title&#8220; order=&#8220;ASC&#8220; item=&#8220;masonryGrid_BlurOut&#8220; grid_id=&#8220;vc_gid:1638441118772-8ec51381b990946930df0860496fe5d0-0&#8243; taxonomies=&#8220;76&#8243;][\/vc_column_inner][\/vc_row_inner][\/vc_column][\/vc_row][vc_row][vc_column][vc_column_text]<\/p>\n<h3 class=\"main-title\" style=\"text-align: center;\">Die <strong>soziales<\/strong> netzwerk<\/h3>\n<p>[\/vc_column_text][vc_empty_space][vc_row_inner][vc_column_inner width=&#8220;1\/3&#8243;][vc_single_image image=&#8220;1739&#8243; img_size=&#8220;full&#8220; alignment=&#8220;center&#8220; onclick=&#8220;custom_link&#8220; img_link_target=&#8220;_blank&#8220; css_animation=&#8220;left-to-right&#8220; link=&#8220;https:\/\/www.facebook.com\/pages\/Rimec-Srl\/442323525800057&#8243;][vc_empty_space][\/vc_column_inner][vc_column_inner width=&#8220;1\/3&#8243;][vc_single_image image=&#8220;1741&#8243; img_size=&#8220;full&#8220; alignment=&#8220;center&#8220; onclick=&#8220;custom_link&#8220; img_link_target=&#8220;_blank&#8220; css_animation=&#8220;left-to-right&#8220; link=&#8220;https:\/\/www.youtube.com\/user\/Fisiotek3000&#8243;][vc_empty_space][\/vc_column_inner][vc_column_inner width=&#8220;1\/3&#8243;][vc_single_image image=&#8220;1740&#8243; img_size=&#8220;full&#8220; alignment=&#8220;center&#8220; onclick=&#8220;custom_link&#8220; img_link_target=&#8220;_blank&#8220; css_animation=&#8220;left-to-right&#8220; link=&#8220;https:\/\/www.linkedin.com\/company\/2910227&#8243;][vc_empty_space][\/vc_column_inner][\/vc_row_inner][\/vc_column][\/vc_row]<\/p>\n","protected":false},"excerpt":{"rendered":"<p>[vc_row full_width=&#8220;stretch_row_content&#8220; css=&#8220;.vc_custom_1619691542830{margin-top: 0px !important;margin-right: 0px !important;margin-bottom: 0px !important;margin-left: 0px !important;padding-top: 0px !important;padding-right: 0px !important;padding-bottom: 0px !important;padding-left: 0px !important;}&#8220; el_class=&#8220;home-slider&#8220;][vc_column css=&#8220;.vc_custom_1619686943034{margin-top: 0px !important;margin-right: 0px !important;margin-bottom: 0px !important;margin-left: 0px !important;padding-top: 0px !important;padding-right: 0px !important;padding-bottom: 0px !important;padding-left: 0px !important;}&#8220;][vc_images_carousel images=&#8220;4440,4441&#8243; img_size=&#8220;full&#8220; onclick=&#8220;custom_link&#8220; autoplay=&#8220;yes&#8220; wrap=&#8220;yes&#8220; css=&#8220;.vc_custom_1619691438136{margin-top: 0px !important;margin-right: 0px !important;margin-bottom: 0px !important;margin-left: 0px !important;border-right-width: 0px !important;border-left-width: 0px !important;padding-top: [&hellip;]<\/p>\n","protected":false},"author":1,"featured_media":3285,"parent":0,"menu_order":32,"comment_status":"open","ping_status":"open","template":"","meta":{"ocean_post_layout":"","ocean_both_sidebars_style":"","ocean_both_sidebars_content_width":0,"ocean_both_sidebars_sidebars_width":0,"ocean_sidebar":"","ocean_second_sidebar":"","ocean_disable_margins":"enable","ocean_add_body_class":"","ocean_shortcode_before_top_bar":"","ocean_shortcode_after_top_bar":"","ocean_shortcode_before_header":"","ocean_shortcode_after_header":"","ocean_has_shortcode":"","ocean_shortcode_after_title":"","ocean_shortcode_before_footer_widgets":"","ocean_shortcode_after_footer_widgets":"","ocean_shortcode_before_footer_bottom":"","ocean_shortcode_after_footer_bottom":"","ocean_display_top_bar":"default","ocean_display_header":"default","ocean_header_style":"","ocean_center_header_left_menu":"","ocean_custom_header_template":"","ocean_custom_logo":0,"ocean_custom_retina_logo":0,"ocean_custom_logo_max_width":0,"ocean_custom_logo_tablet_max_width":0,"ocean_custom_logo_mobile_max_width":0,"ocean_custom_logo_max_height":0,"ocean_custom_logo_tablet_max_height":0,"ocean_custom_logo_mobile_max_height":0,"ocean_header_custom_menu":"","ocean_menu_typo_font_family":"","ocean_menu_typo_font_subset":"","ocean_menu_typo_font_size":0,"ocean_menu_typo_font_size_tablet":0,"ocean_menu_typo_font_size_mobile":0,"ocean_menu_typo_font_size_unit":"px","ocean_menu_typo_font_weight":"","ocean_menu_typo_font_weight_tablet":"","ocean_menu_typo_font_weight_mobile":"","ocean_menu_typo_transform":"","ocean_menu_typo_transform_tablet":"","ocean_menu_typo_transform_mobile":"","ocean_menu_typo_line_height":0,"ocean_menu_typo_line_height_tablet":0,"ocean_menu_typo_line_height_mobile":0,"ocean_menu_typo_line_height_unit":"","ocean_menu_typo_spacing":0,"ocean_menu_typo_spacing_tablet":0,"ocean_menu_typo_spacing_mobile":0,"ocean_menu_typo_spacing_unit":"","ocean_menu_link_color":"","ocean_menu_link_color_hover":"","ocean_menu_link_color_active":"","ocean_menu_link_background":"","ocean_menu_link_hover_background":"","ocean_menu_link_active_background":"","ocean_menu_social_links_bg":"","ocean_menu_social_hover_links_bg":"","ocean_menu_social_links_color":"","ocean_menu_social_hover_links_color":"","ocean_disable_title":"default","ocean_disable_heading":"default","ocean_post_title":"","ocean_post_subheading":"","ocean_post_title_style":"","ocean_post_title_background_color":"","ocean_post_title_background":0,"ocean_post_title_bg_image_position":"","ocean_post_title_bg_image_attachment":"","ocean_post_title_bg_image_repeat":"","ocean_post_title_bg_image_size":"","ocean_post_title_height":0,"ocean_post_title_bg_overlay":0.5,"ocean_post_title_bg_overlay_color":"","ocean_disable_breadcrumbs":"default","ocean_breadcrumbs_color":"","ocean_breadcrumbs_separator_color":"","ocean_breadcrumbs_links_color":"","ocean_breadcrumbs_links_hover_color":"","ocean_display_footer_widgets":"default","ocean_display_footer_bottom":"default","ocean_custom_footer_template":"","osh_disable_topbar_sticky":"default","osh_disable_header_sticky":"default","osh_sticky_header_style":"default","osh_sticky_header_effect":"","osh_custom_sticky_logo":0,"osh_custom_retina_sticky_logo":0,"osh_custom_sticky_logo_height":0,"osh_background_color":"","osh_links_color":"","osh_links_hover_color":"","osh_links_active_color":"","osh_links_bg_color":"","osh_links_hover_bg_color":"","osh_links_active_bg_color":"","osh_menu_social_links_color":"","osh_menu_social_hover_links_color":"","footnotes":""},"class_list":["post-1220","page","type-page","status-publish","has-post-thumbnail","hentry","entry","has-media"],"yoast_head":"<!-- This site is optimized with the Yoast SEO plugin v27.0 - https:\/\/yoast.com\/product\/yoast-seo-wordpress\/ -->\n<title>Rimec - Passive Mobilisierung von 1980<\/title>\n<meta name=\"description\" content=\"RIMEC produziert ausr\u00fcstung f\u00fcr passive Rehabilitation des Ellenbogen, Handgelenk, Schulter, Knie, Bein und Sprunggelenk, Qualit\u00e4t und Wirksamkeit von 1980\" \/>\n<meta name=\"robots\" content=\"index, follow, max-snippet:-1, max-image-preview:large, max-video-preview:-1\" \/>\n<link rel=\"canonical\" href=\"https:\/\/rimec.it\/de\/rimec-passive-mobilisierung-von-1980\/\" \/>\n<meta property=\"og:locale\" content=\"de_DE\" \/>\n<meta property=\"og:type\" content=\"article\" \/>\n<meta property=\"og:title\" content=\"Rimec - Passive Mobilisierung von 1980\" \/>\n<meta property=\"og:description\" content=\"RIMEC produziert ausr\u00fcstung f\u00fcr passive Rehabilitation des Ellenbogen, Handgelenk, Schulter, Knie, Bein und Sprunggelenk, Qualit\u00e4t und Wirksamkeit von 1980\" \/>\n<meta property=\"og:url\" content=\"https:\/\/rimec.it\/de\/rimec-passive-mobilisierung-von-1980\/\" \/>\n<meta property=\"og:site_name\" content=\"Rimec\" \/>\n<meta property=\"article:publisher\" content=\"https:\/\/www.facebook.com\/pages\/Rimec-Srl\/442323525800057\" \/>\n<meta property=\"article:modified_time\" content=\"2021-12-02T13:53:46+00:00\" \/>\n<meta property=\"og:image\" content=\"https:\/\/rimec.it\/wp-content\/uploads\/2016\/07\/Rimec-Cover-DE.jpg\" \/>\n\t<meta property=\"og:image:width\" content=\"1600\" \/>\n\t<meta property=\"og:image:height\" content=\"874\" \/>\n\t<meta property=\"og:image:type\" content=\"image\/jpeg\" \/>\n<meta name=\"twitter:card\" content=\"summary_large_image\" \/>\n<meta name=\"twitter:label1\" content=\"Gesch\u00e4tzte Lesezeit\" \/>\n\t<meta name=\"twitter:data1\" content=\"1\u00a0Minute\" \/>\n<script type=\"application\/ld+json\" class=\"yoast-schema-graph\">{\"@context\":\"https:\/\/schema.org\",\"@graph\":[{\"@type\":\"WebPage\",\"@id\":\"https:\/\/rimec.it\/de\/rimec-passive-mobilisierung-von-1980\/\",\"url\":\"https:\/\/rimec.it\/de\/rimec-passive-mobilisierung-von-1980\/\",\"name\":\"Rimec - Passive Mobilisierung von 1980\",\"isPartOf\":{\"@id\":\"https:\/\/rimec.it\/#website\"},\"primaryImageOfPage\":{\"@id\":\"https:\/\/rimec.it\/de\/rimec-passive-mobilisierung-von-1980\/#primaryimage\"},\"image\":{\"@id\":\"https:\/\/rimec.it\/de\/rimec-passive-mobilisierung-von-1980\/#primaryimage\"},\"thumbnailUrl\":\"https:\/\/rimec.it\/wp-content\/uploads\/2016\/07\/Rimec-Cover-DE.jpg\",\"datePublished\":\"2016-07-07T10:01:50+00:00\",\"dateModified\":\"2021-12-02T13:53:46+00:00\",\"description\":\"RIMEC produziert ausr\u00fcstung f\u00fcr passive Rehabilitation des Ellenbogen, Handgelenk, Schulter, Knie, Bein und Sprunggelenk, Qualit\u00e4t und Wirksamkeit von 1980\",\"breadcrumb\":{\"@id\":\"https:\/\/rimec.it\/de\/rimec-passive-mobilisierung-von-1980\/#breadcrumb\"},\"inLanguage\":\"de\",\"potentialAction\":[{\"@type\":\"ReadAction\",\"target\":[\"https:\/\/rimec.it\/de\/rimec-passive-mobilisierung-von-1980\/\"]}]},{\"@type\":\"ImageObject\",\"inLanguage\":\"de\",\"@id\":\"https:\/\/rimec.it\/de\/rimec-passive-mobilisierung-von-1980\/#primaryimage\",\"url\":\"https:\/\/rimec.it\/wp-content\/uploads\/2016\/07\/Rimec-Cover-DE.jpg\",\"contentUrl\":\"https:\/\/rimec.it\/wp-content\/uploads\/2016\/07\/Rimec-Cover-DE.jpg\",\"width\":1600,\"height\":874,\"caption\":\"Rimec DE\"},{\"@type\":\"BreadcrumbList\",\"@id\":\"https:\/\/rimec.it\/de\/rimec-passive-mobilisierung-von-1980\/#breadcrumb\",\"itemListElement\":[{\"@type\":\"ListItem\",\"position\":1,\"name\":\"Home\",\"item\":\"https:\/\/rimec.it\/de\/\"},{\"@type\":\"ListItem\",\"position\":2,\"name\":\"Rimec &#8211; Passive Mobilisierung von 1980\"}]},{\"@type\":\"WebSite\",\"@id\":\"https:\/\/rimec.it\/#website\",\"url\":\"https:\/\/rimec.it\/\",\"name\":\"Rimec - Mobilizzazione passiva\",\"description\":\"Mobilizzazione passiva dal 1980\",\"publisher\":{\"@id\":\"https:\/\/rimec.it\/#organization\"},\"potentialAction\":[{\"@type\":\"SearchAction\",\"target\":{\"@type\":\"EntryPoint\",\"urlTemplate\":\"https:\/\/rimec.it\/?s={search_term_string}\"},\"query-input\":{\"@type\":\"PropertyValueSpecification\",\"valueRequired\":true,\"valueName\":\"search_term_string\"}}],\"inLanguage\":\"de\"},{\"@type\":\"Organization\",\"@id\":\"https:\/\/rimec.it\/#organization\",\"name\":\"Rimec Srl\",\"url\":\"https:\/\/rimec.it\/\",\"logo\":{\"@type\":\"ImageObject\",\"inLanguage\":\"de\",\"@id\":\"https:\/\/rimec.it\/#\/schema\/logo\/image\/\",\"url\":\"https:\/\/rimec.it\/wp-content\/uploads\/2016\/07\/logo-Rimec-big.png\",\"contentUrl\":\"https:\/\/rimec.it\/wp-content\/uploads\/2016\/07\/logo-Rimec-big.png\",\"width\":2000,\"height\":778,\"caption\":\"Rimec Srl\"},\"image\":{\"@id\":\"https:\/\/rimec.it\/#\/schema\/logo\/image\/\"},\"sameAs\":[\"https:\/\/www.facebook.com\/pages\/Rimec-Srl\/442323525800057\",\"https:\/\/www.linkedin.com\/company\/2910227\",\"https:\/\/www.youtube.com\/user\/Fisiotek3000\"]}]}<\/script>\n<!-- \/ Yoast SEO plugin. -->","yoast_head_json":{"title":"Rimec - Passive Mobilisierung von 1980","description":"RIMEC produziert ausr\u00fcstung f\u00fcr passive Rehabilitation des Ellenbogen, Handgelenk, Schulter, Knie, Bein und Sprunggelenk, Qualit\u00e4t und Wirksamkeit von 1980","robots":{"index":"index","follow":"follow","max-snippet":"max-snippet:-1","max-image-preview":"max-image-preview:large","max-video-preview":"max-video-preview:-1"},"canonical":"https:\/\/rimec.it\/de\/rimec-passive-mobilisierung-von-1980\/","og_locale":"de_DE","og_type":"article","og_title":"Rimec - Passive Mobilisierung von 1980","og_description":"RIMEC produziert ausr\u00fcstung f\u00fcr passive Rehabilitation des Ellenbogen, Handgelenk, Schulter, Knie, Bein und Sprunggelenk, Qualit\u00e4t und Wirksamkeit von 1980","og_url":"https:\/\/rimec.it\/de\/rimec-passive-mobilisierung-von-1980\/","og_site_name":"Rimec","article_publisher":"https:\/\/www.facebook.com\/pages\/Rimec-Srl\/442323525800057","article_modified_time":"2021-12-02T13:53:46+00:00","og_image":[{"width":1600,"height":874,"url":"https:\/\/rimec.it\/wp-content\/uploads\/2016\/07\/Rimec-Cover-DE.jpg","type":"image\/jpeg"}],"twitter_card":"summary_large_image","twitter_misc":{"Gesch\u00e4tzte Lesezeit":"1\u00a0Minute"},"schema":{"@context":"https:\/\/schema.org","@graph":[{"@type":"WebPage","@id":"https:\/\/rimec.it\/de\/rimec-passive-mobilisierung-von-1980\/","url":"https:\/\/rimec.it\/de\/rimec-passive-mobilisierung-von-1980\/","name":"Rimec - Passive Mobilisierung von 1980","isPartOf":{"@id":"https:\/\/rimec.it\/#website"},"primaryImageOfPage":{"@id":"https:\/\/rimec.it\/de\/rimec-passive-mobilisierung-von-1980\/#primaryimage"},"image":{"@id":"https:\/\/rimec.it\/de\/rimec-passive-mobilisierung-von-1980\/#primaryimage"},"thumbnailUrl":"https:\/\/rimec.it\/wp-content\/uploads\/2016\/07\/Rimec-Cover-DE.jpg","datePublished":"2016-07-07T10:01:50+00:00","dateModified":"2021-12-02T13:53:46+00:00","description":"RIMEC produziert ausr\u00fcstung f\u00fcr passive Rehabilitation des Ellenbogen, Handgelenk, Schulter, Knie, Bein und Sprunggelenk, Qualit\u00e4t und Wirksamkeit von 1980","breadcrumb":{"@id":"https:\/\/rimec.it\/de\/rimec-passive-mobilisierung-von-1980\/#breadcrumb"},"inLanguage":"de","potentialAction":[{"@type":"ReadAction","target":["https:\/\/rimec.it\/de\/rimec-passive-mobilisierung-von-1980\/"]}]},{"@type":"ImageObject","inLanguage":"de","@id":"https:\/\/rimec.it\/de\/rimec-passive-mobilisierung-von-1980\/#primaryimage","url":"https:\/\/rimec.it\/wp-content\/uploads\/2016\/07\/Rimec-Cover-DE.jpg","contentUrl":"https:\/\/rimec.it\/wp-content\/uploads\/2016\/07\/Rimec-Cover-DE.jpg","width":1600,"height":874,"caption":"Rimec DE"},{"@type":"BreadcrumbList","@id":"https:\/\/rimec.it\/de\/rimec-passive-mobilisierung-von-1980\/#breadcrumb","itemListElement":[{"@type":"ListItem","position":1,"name":"Home","item":"https:\/\/rimec.it\/de\/"},{"@type":"ListItem","position":2,"name":"Rimec &#8211; Passive Mobilisierung von 1980"}]},{"@type":"WebSite","@id":"https:\/\/rimec.it\/#website","url":"https:\/\/rimec.it\/","name":"Rimec - Mobilizzazione passiva","description":"Mobilizzazione passiva dal 1980","publisher":{"@id":"https:\/\/rimec.it\/#organization"},"potentialAction":[{"@type":"SearchAction","target":{"@type":"EntryPoint","urlTemplate":"https:\/\/rimec.it\/?s={search_term_string}"},"query-input":{"@type":"PropertyValueSpecification","valueRequired":true,"valueName":"search_term_string"}}],"inLanguage":"de"},{"@type":"Organization","@id":"https:\/\/rimec.it\/#organization","name":"Rimec Srl","url":"https:\/\/rimec.it\/","logo":{"@type":"ImageObject","inLanguage":"de","@id":"https:\/\/rimec.it\/#\/schema\/logo\/image\/","url":"https:\/\/rimec.it\/wp-content\/uploads\/2016\/07\/logo-Rimec-big.png","contentUrl":"https:\/\/rimec.it\/wp-content\/uploads\/2016\/07\/logo-Rimec-big.png","width":2000,"height":778,"caption":"Rimec Srl"},"image":{"@id":"https:\/\/rimec.it\/#\/schema\/logo\/image\/"},"sameAs":["https:\/\/www.facebook.com\/pages\/Rimec-Srl\/442323525800057","https:\/\/www.linkedin.com\/company\/2910227","https:\/\/www.youtube.com\/user\/Fisiotek3000"]}]}},"_links":{"self":[{"href":"https:\/\/rimec.it\/de\/wp-json\/wp\/v2\/pages\/1220","targetHints":{"allow":["GET"]}}],"collection":[{"href":"https:\/\/rimec.it\/de\/wp-json\/wp\/v2\/pages"}],"about":[{"href":"https:\/\/rimec.it\/de\/wp-json\/wp\/v2\/types\/page"}],"author":[{"embeddable":true,"href":"https:\/\/rimec.it\/de\/wp-json\/wp\/v2\/users\/1"}],"replies":[{"embeddable":true,"href":"https:\/\/rimec.it\/de\/wp-json\/wp\/v2\/comments?post=1220"}],"version-history":[{"count":32,"href":"https:\/\/rimec.it\/de\/wp-json\/wp\/v2\/pages\/1220\/revisions"}],"predecessor-version":[{"id":4718,"href":"https:\/\/rimec.it\/de\/wp-json\/wp\/v2\/pages\/1220\/revisions\/4718"}],"wp:featuredmedia":[{"embeddable":true,"href":"https:\/\/rimec.it\/de\/wp-json\/wp\/v2\/media\/3285"}],"wp:attachment":[{"href":"https:\/\/rimec.it\/de\/wp-json\/wp\/v2\/media?parent=1220"}],"curies":[{"name":"wp","href":"https:\/\/api.w.org\/{rel}","templated":true}]}}