{"id":10441,"date":"2022-07-25T10:06:36","date_gmt":"2022-07-25T08:06:36","guid":{"rendered":"http:\/\/rimec.it\/ueber-uns-2\/"},"modified":"2025-12-19T10:26:09","modified_gmt":"2025-12-19T09:26:09","slug":"ueber-uns-2","status":"publish","type":"page","link":"https:\/\/rimec.it\/de\/ueber-uns-2\/","title":{"rendered":"\u00dcBER UNS"},"content":{"rendered":"\t\t<div data-elementor-type=\"wp-post\" data-elementor-id=\"10441\" class=\"elementor elementor-10441 elementor-16\">\n\t\t\t\t\t\t<section class=\"elementor-section elementor-top-section elementor-element elementor-element-29343a84 elementor-section-content-middle elementor-section-boxed elementor-section-height-default elementor-section-height-default\" data-id=\"29343a84\" data-element_type=\"section\" data-e-type=\"section\">\n\t\t\t\t\t\t<div class=\"elementor-container elementor-column-gap-no\">\n\t\t\t\t\t<div class=\"elementor-column elementor-col-50 elementor-top-column elementor-element elementor-element-7053c47d\" data-id=\"7053c47d\" data-element_type=\"column\" data-e-type=\"column\">\n\t\t\t<div class=\"elementor-widget-wrap elementor-element-populated\">\n\t\t\t\t\t\t<div class=\"elementor-element elementor-element-32117a64 elementor-widget elementor-widget-text-editor\" data-id=\"32117a64\" data-element_type=\"widget\" data-e-type=\"widget\" data-widget_type=\"text-editor.default\">\n\t\t\t\t<div class=\"elementor-widget-container\">\n\t\t\t\t\t\t\t\t\t<p style=\"text-align: justify;\">Im Jahre 1980 richtet sich das Unternehmen <strong>Rimec<\/strong> bei einer Umgestaltung hinsichtlich der Produktion auf die Herstellung von elektro-medizinischen Ger\u00e4ten, d.h. genauer gesagt auf die Fertigung von Maschinen f\u00fcr die passive Rehabilitation aus. In diesem Sektor behauptet sich das Unternehmen Rimec auf globalem Niveau und konkurriert mit multinationalen Unternehmen, die das gesamte Universum der Produkte f\u00fcr die Gesundheit abdecken.<\/p><p style=\"text-align: justify;\">Die Ann\u00e4herung an den Markt erfolgt \u00fcber die Teilnahme an den wichtigsten <a href=\"https:\/\/rimec.it\/de\/veranstaltungen-neuigkeiten\/\">internationalen Messeveranstaltungen der Branche und die Anwesenheit auf fachmedizinischen Kongresse<\/a>n, bei denen die Produktion des Unternehmens sich dem Urteil der wissenschaftlichen Welt stellt.<\/p><p>Raadpleeg voor informatie en specificaties van onze apparatuur de datasheets van de individuele machines of neem <a href=\"https:\/\/rimec.it\/de\/kontakte\/\">contact met ons op.<\/a><\/p>\t\t\t\t\t\t\t\t<\/div>\n\t\t\t\t<\/div>\n\t\t\t\t\t<\/div>\n\t\t<\/div>\n\t\t\t\t<div class=\"elementor-column elementor-col-50 elementor-top-column elementor-element elementor-element-6fcf405\" data-id=\"6fcf405\" data-element_type=\"column\" data-e-type=\"column\">\n\t\t\t<div class=\"elementor-widget-wrap elementor-element-populated\">\n\t\t\t\t\t\t<div class=\"elementor-element elementor-element-91f4d10 elementor-widget elementor-widget-image\" data-id=\"91f4d10\" data-element_type=\"widget\" data-e-type=\"widget\" data-widget_type=\"image.default\">\n\t\t\t\t<div class=\"elementor-widget-container\">\n\t\t\t\t\t\t\t\t\t\t\t\t\t\t\t\t<a href=\"https:\/\/rimec.it\/wp-content\/uploads\/2025\/12\/SCR-20251219-jmjn.png\" data-elementor-open-lightbox=\"yes\" data-elementor-lightbox-title=\"SCR-20251219-jmjn\" data-e-action-hash=\"#elementor-action%3Aaction%3Dlightbox%26settings%3DeyJpZCI6MTIxMTEsInVybCI6Imh0dHBzOlwvXC9yaW1lYy5pdFwvd3AtY29udGVudFwvdXBsb2Fkc1wvMjAyNVwvMTJcL1NDUi0yMDI1MTIxOS1qbWpuLnBuZyJ9\">\n\t\t\t\t\t\t\t<img decoding=\"async\" width=\"1\" height=\"1\" src=\"https:\/\/rimec.it\/wp-content\/uploads\/2025\/12\/SCR-20251219-jmjn.png\" class=\"attachment-large size-large wp-image-12111\" alt=\"\" \/>\t\t\t\t\t\t\t\t<\/a>\n\t\t\t\t\t\t\t\t\t\t\t\t\t\t\t<\/div>\n\t\t\t\t<\/div>\n\t\t\t\t\t<\/div>\n\t\t<\/div>\n\t\t\t\t\t<\/div>\n\t\t<\/section>\n\t\t\t\t<section class=\"elementor-section elementor-top-section elementor-element elementor-element-c35446e elementor-section-boxed elementor-section-height-default elementor-section-height-default\" data-id=\"c35446e\" data-element_type=\"section\" data-e-type=\"section\" data-settings=\"{&quot;background_background&quot;:&quot;classic&quot;}\">\n\t\t\t\t\t\t<div class=\"elementor-container elementor-column-gap-default\">\n\t\t\t\t\t<div class=\"elementor-column elementor-col-100 elementor-top-column elementor-element elementor-element-dbca912\" data-id=\"dbca912\" data-element_type=\"column\" data-e-type=\"column\">\n\t\t\t<div class=\"elementor-widget-wrap elementor-element-populated\">\n\t\t\t\t\t\t<section class=\"elementor-section elementor-inner-section elementor-element elementor-element-b6ad795 elementor-section-boxed elementor-section-height-default elementor-section-height-default\" data-id=\"b6ad795\" data-element_type=\"section\" data-e-type=\"section\">\n\t\t\t\t\t\t<div class=\"elementor-container elementor-column-gap-wider\">\n\t\t\t\t\t<div class=\"elementor-column elementor-col-33 elementor-inner-column elementor-element elementor-element-2e60688\" data-id=\"2e60688\" data-element_type=\"column\" data-e-type=\"column\">\n\t\t\t<div class=\"elementor-widget-wrap elementor-element-populated\">\n\t\t\t\t\t\t<div class=\"elementor-element elementor-element-641de9f elementor-view-default elementor-position-block-start elementor-mobile-position-block-start elementor-widget elementor-widget-icon-box\" data-id=\"641de9f\" data-element_type=\"widget\" data-e-type=\"widget\" data-widget_type=\"icon-box.default\">\n\t\t\t\t<div class=\"elementor-widget-container\">\n\t\t\t\t\t\t\t<div class=\"elementor-icon-box-wrapper\">\n\n\t\t\t\t\t\t<div class=\"elementor-icon-box-icon\">\n\t\t\t\t<span  class=\"elementor-icon\">\n\t\t\t\t<i aria-hidden=\"true\" class=\"fas fa-chart-pie\"><\/i>\t\t\t\t<\/span>\n\t\t\t<\/div>\n\t\t\t\n\t\t\t\t\t\t<div class=\"elementor-icon-box-content\">\n\n\t\t\t\t\t\t\t\t\t<h3 class=\"elementor-icon-box-title\">\n\t\t\t\t\t\t<span  >\n\t\t\t\t\t\t\tQualit\u00e4t - Technologie - Innovation\t\t\t\t\t\t<\/span>\n\t\t\t\t\t<\/h3>\n\t\t\t\t\n\t\t\t\t\t\t\t\t\t<p class=\"elementor-icon-box-description\">\n\t\t\t\t\t\tHeute gilt das Unternehmen als einer der qualifiziertesten Hersteller von passiven Rehabilitationsger\u00e4ten (CPM); 1997 brachte es ein hochinnovatives Rehabilitationsger\u00e4t f\u00fcr die passive Bewegung der Gelenke der oberen Extremit\u00e4t auf den Markt, das das Unternehmen in Bezug auf die Qualit\u00e4t des Angebots an die Spitze des angestrebten Marktsegments positioniert.\t\t\t\t\t<\/p>\n\t\t\t\t\n\t\t\t<\/div>\n\t\t\t\n\t\t<\/div>\n\t\t\t\t\t\t<\/div>\n\t\t\t\t<\/div>\n\t\t\t\t\t<\/div>\n\t\t<\/div>\n\t\t\t\t<div class=\"elementor-column elementor-col-33 elementor-inner-column elementor-element elementor-element-e2210d5\" data-id=\"e2210d5\" data-element_type=\"column\" data-e-type=\"column\">\n\t\t\t<div class=\"elementor-widget-wrap elementor-element-populated\">\n\t\t\t\t\t\t<div class=\"elementor-element elementor-element-cfbff89 elementor-view-default elementor-position-block-start elementor-mobile-position-block-start elementor-widget elementor-widget-icon-box\" data-id=\"cfbff89\" data-element_type=\"widget\" data-e-type=\"widget\" data-widget_type=\"icon-box.default\">\n\t\t\t\t<div class=\"elementor-widget-container\">\n\t\t\t\t\t\t\t<div class=\"elementor-icon-box-wrapper\">\n\n\t\t\t\t\t\t<div class=\"elementor-icon-box-icon\">\n\t\t\t\t<span  class=\"elementor-icon\">\n\t\t\t\t<i aria-hidden=\"true\" class=\"fas fa-recycle\"><\/i>\t\t\t\t<\/span>\n\t\t\t<\/div>\n\t\t\t\n\t\t\t\t\t\t<div class=\"elementor-icon-box-content\">\n\n\t\t\t\t\t\t\t\t\t<h3 class=\"elementor-icon-box-title\">\n\t\t\t\t\t\t<span  >\n\t\t\t\t\t\t\tProdukte in st\u00e4ndiger Erweiterung\t\t\t\t\t\t<\/span>\n\t\t\t\t\t<\/h3>\n\t\t\t\t\n\t\t\t\t\t\t\t\t\t<p class=\"elementor-icon-box-description\">\n\t\t\t\t\t\tDie Produktpalette von Rimec wird durch Ger\u00e4te f\u00fcr Gipsr\u00e4ume und orthop\u00e4dische Erste Hilfe vervollst\u00e4ndigt. 2013 f\u00fchrt das Unternehmen die 5. Serie passiver Mobilisatoren f\u00fcr die untere Extremit\u00e4t ein, die Fisiotek 3000-Linie, die die moderne und funktionale Weiterentwicklung passiver Rehabilitatoren darstellt. Im Jahr 2014 wurde die Linie f\u00fcr die oberen Extremit\u00e4ten bereichert, indem Fisiotek LT-G und Fisiotek LT-P eingef\u00fchrt wurden, Modelle, die jeweils f\u00fcr die Rehabilitation des Ellbogens und des Handgelenks konzipiert wurden.\n\n\t\t\t\t\t<\/p>\n\t\t\t\t\n\t\t\t<\/div>\n\t\t\t\n\t\t<\/div>\n\t\t\t\t\t\t<\/div>\n\t\t\t\t<\/div>\n\t\t\t\t\t<\/div>\n\t\t<\/div>\n\t\t\t\t<div class=\"elementor-column elementor-col-33 elementor-inner-column elementor-element elementor-element-d50c65f\" data-id=\"d50c65f\" data-element_type=\"column\" data-e-type=\"column\">\n\t\t\t<div class=\"elementor-widget-wrap elementor-element-populated\">\n\t\t\t\t\t\t<div class=\"elementor-element elementor-element-7e80c6c elementor-view-default elementor-position-block-start elementor-mobile-position-block-start elementor-widget elementor-widget-icon-box\" data-id=\"7e80c6c\" data-element_type=\"widget\" data-e-type=\"widget\" data-widget_type=\"icon-box.default\">\n\t\t\t\t<div class=\"elementor-widget-container\">\n\t\t\t\t\t\t\t<div class=\"elementor-icon-box-wrapper\">\n\n\t\t\t\t\t\t<div class=\"elementor-icon-box-icon\">\n\t\t\t\t<span  class=\"elementor-icon\">\n\t\t\t\t<i aria-hidden=\"true\" class=\"fas fa-chart-line\"><\/i>\t\t\t\t<\/span>\n\t\t\t<\/div>\n\t\t\t\n\t\t\t\t\t\t<div class=\"elementor-icon-box-content\">\n\n\t\t\t\t\t\t\t\t\t<h3 class=\"elementor-icon-box-title\">\n\t\t\t\t\t\t<span  >\n\t\t\t\t\t\t\tKontinuierliche Expansion auf dem internationalen Markt\t\t\t\t\t\t<\/span>\n\t\t\t\t\t<\/h3>\n\t\t\t\t\n\t\t\t\t\t\t\t\t\t<p class=\"elementor-icon-box-description\">\n\t\t\t\t\t\tBis heute ist RIMEC in allen <strong>EU-L\u00e4ndern, dem Nahen Osten, der Subsahara-Region, S\u00fcdafrika<\/strong>, <strong>Mittelamerika, dem Fernen Osten, der Golfregion, dem indischen Subkontinent<\/strong>, <strong>der Kaukasus-Region, Ostasien<\/strong> und <strong>S\u00fcdostasien vertreten , Australien.<\/strong>\t\t\t\t\t<\/p>\n\t\t\t\t\n\t\t\t<\/div>\n\t\t\t\n\t\t<\/div>\n\t\t\t\t\t\t<\/div>\n\t\t\t\t<\/div>\n\t\t\t\t\t<\/div>\n\t\t<\/div>\n\t\t\t\t\t<\/div>\n\t\t<\/section>\n\t\t\t\t\t<\/div>\n\t\t<\/div>\n\t\t\t\t\t<\/div>\n\t\t<\/section>\n\t\t\t\t<\/div>\n\t\t","protected":false},"excerpt":{"rendered":"<p>Im Jahre 1980 richtet sich das Unternehmen Rimec bei einer Umgestaltung hinsichtlich der Produktion auf die Herstellung von elektro-medizinischen Ger\u00e4ten, d.h. genauer gesagt auf die Fertigung von Maschinen f\u00fcr die passive Rehabilitation aus. In diesem Sektor behauptet sich das Unternehmen Rimec auf globalem Niveau und konkurriert mit multinationalen Unternehmen, die das gesamte Universum der Produkte [&hellip;]<\/p>\n","protected":false},"author":3,"featured_media":0,"parent":0,"menu_order":0,"comment_status":"closed","ping_status":"closed","template":"","meta":{"ocean_post_layout":"full-screen","ocean_both_sidebars_style":"","ocean_both_sidebars_content_width":0,"ocean_both_sidebars_sidebars_width":0,"ocean_sidebar":"0","ocean_second_sidebar":"0","ocean_disable_margins":"enable","ocean_add_body_class":"","ocean_shortcode_before_top_bar":"","ocean_shortcode_after_top_bar":"","ocean_shortcode_before_header":"","ocean_shortcode_after_header":"","ocean_has_shortcode":"","ocean_shortcode_after_title":"","ocean_shortcode_before_footer_widgets":"","ocean_shortcode_after_footer_widgets":"","ocean_shortcode_before_footer_bottom":"","ocean_shortcode_after_footer_bottom":"","ocean_display_top_bar":"default","ocean_display_header":"default","ocean_header_style":"","ocean_center_header_left_menu":"0","ocean_custom_header_template":"0","ocean_custom_logo":0,"ocean_custom_retina_logo":0,"ocean_custom_logo_max_width":0,"ocean_custom_logo_tablet_max_width":0,"ocean_custom_logo_mobile_max_width":0,"ocean_custom_logo_max_height":0,"ocean_custom_logo_tablet_max_height":0,"ocean_custom_logo_mobile_max_height":0,"ocean_header_custom_menu":"0","ocean_menu_typo_font_family":"0","ocean_menu_typo_font_subset":"","ocean_menu_typo_font_size":0,"ocean_menu_typo_font_size_tablet":0,"ocean_menu_typo_font_size_mobile":0,"ocean_menu_typo_font_size_unit":"px","ocean_menu_typo_font_weight":"","ocean_menu_typo_font_weight_tablet":"","ocean_menu_typo_font_weight_mobile":"","ocean_menu_typo_transform":"","ocean_menu_typo_transform_tablet":"","ocean_menu_typo_transform_mobile":"","ocean_menu_typo_line_height":0,"ocean_menu_typo_line_height_tablet":0,"ocean_menu_typo_line_height_mobile":0,"ocean_menu_typo_line_height_unit":"","ocean_menu_typo_spacing":0,"ocean_menu_typo_spacing_tablet":0,"ocean_menu_typo_spacing_mobile":0,"ocean_menu_typo_spacing_unit":"","ocean_menu_link_color":"","ocean_menu_link_color_hover":"","ocean_menu_link_color_active":"","ocean_menu_link_background":"","ocean_menu_link_hover_background":"","ocean_menu_link_active_background":"","ocean_menu_social_links_bg":"","ocean_menu_social_hover_links_bg":"","ocean_menu_social_links_color":"","ocean_menu_social_hover_links_color":"","ocean_disable_title":"default","ocean_disable_heading":"default","ocean_post_title":"","ocean_post_subheading":"","ocean_post_title_style":"background-image","ocean_post_title_background_color":"","ocean_post_title_background":5374,"ocean_post_title_bg_image_position":"bottom center","ocean_post_title_bg_image_attachment":"","ocean_post_title_bg_image_repeat":"","ocean_post_title_bg_image_size":"","ocean_post_title_height":0,"ocean_post_title_bg_overlay":0.5,"ocean_post_title_bg_overlay_color":"","ocean_disable_breadcrumbs":"default","ocean_breadcrumbs_color":"","ocean_breadcrumbs_separator_color":"","ocean_breadcrumbs_links_color":"","ocean_breadcrumbs_links_hover_color":"","ocean_display_footer_widgets":"default","ocean_display_footer_bottom":"default","ocean_custom_footer_template":"0","osh_disable_topbar_sticky":"default","osh_disable_header_sticky":"default","osh_sticky_header_style":"default","osh_sticky_header_effect":"","osh_custom_sticky_logo":0,"osh_custom_retina_sticky_logo":0,"osh_custom_sticky_logo_height":0,"osh_background_color":"","osh_links_color":"","osh_links_hover_color":"","osh_links_active_color":"","osh_links_bg_color":"","osh_links_hover_bg_color":"","osh_links_active_bg_color":"","osh_menu_social_links_color":"","osh_menu_social_hover_links_color":"","footnotes":""},"class_list":["post-10441","page","type-page","status-publish","hentry","entry"],"yoast_head":"<!-- This site is optimized with the Yoast SEO plugin v27.0 - https:\/\/yoast.com\/product\/yoast-seo-wordpress\/ -->\n<title>Rimec: Italiaans bedrijf - Passieve revalidatieapparatuur<\/title>\n<meta name=\"description\" content=\"Sinds 1980 produceren we passieve revalidatieapparatuur voor de Italiaanse en buitenlandse markt (Midden-Oosten, Amerika, Azi\u00eb, Australi\u00eb ...\" \/>\n<meta name=\"robots\" content=\"index, follow, max-snippet:-1, max-image-preview:large, max-video-preview:-1\" \/>\n<link rel=\"canonical\" href=\"https:\/\/rimec.it\/de\/ueber-uns-2\/\" \/>\n<meta property=\"og:locale\" content=\"de_DE\" \/>\n<meta property=\"og:type\" content=\"article\" \/>\n<meta property=\"og:title\" content=\"Rimec: Italiaans bedrijf - Passieve revalidatieapparatuur\" \/>\n<meta property=\"og:description\" content=\"Sinds 1980 produceren we passieve revalidatieapparatuur voor de Italiaanse en buitenlandse markt (Midden-Oosten, Amerika, Azi\u00eb, Australi\u00eb ...\" \/>\n<meta property=\"og:url\" content=\"https:\/\/rimec.it\/de\/ueber-uns-2\/\" \/>\n<meta property=\"og:site_name\" content=\"Rimec\" \/>\n<meta property=\"article:publisher\" content=\"https:\/\/www.facebook.com\/pages\/Rimec-Srl\/442323525800057\" \/>\n<meta property=\"article:modified_time\" content=\"2025-12-19T09:26:09+00:00\" \/>\n<meta property=\"og:image\" content=\"https:\/\/rimec.it\/wp-content\/uploads\/2025\/12\/SCR-20251219-jmjn.png\" \/>\n\t<meta property=\"og:image:width\" content=\"1\" \/>\n\t<meta property=\"og:image:height\" content=\"1\" \/>\n\t<meta property=\"og:image:type\" content=\"image\/png\" \/>\n<meta name=\"twitter:card\" content=\"summary_large_image\" \/>\n<meta name=\"twitter:label1\" content=\"Gesch\u00e4tzte Lesezeit\" \/>\n\t<meta name=\"twitter:data1\" content=\"1\u00a0Minute\" \/>\n<script type=\"application\/ld+json\" class=\"yoast-schema-graph\">{\"@context\":\"https:\/\/schema.org\",\"@graph\":[{\"@type\":\"WebPage\",\"@id\":\"https:\/\/rimec.it\/de\/ueber-uns-2\/\",\"url\":\"https:\/\/rimec.it\/de\/ueber-uns-2\/\",\"name\":\"Rimec: Italiaans bedrijf - Passieve revalidatieapparatuur\",\"isPartOf\":{\"@id\":\"https:\/\/rimec.it\/#website\"},\"primaryImageOfPage\":{\"@id\":\"https:\/\/rimec.it\/de\/ueber-uns-2\/#primaryimage\"},\"image\":{\"@id\":\"https:\/\/rimec.it\/de\/ueber-uns-2\/#primaryimage\"},\"thumbnailUrl\":\"https:\/\/rimec.it\/wp-content\/uploads\/2025\/12\/SCR-20251219-jmjn.png\",\"datePublished\":\"2022-07-25T08:06:36+00:00\",\"dateModified\":\"2025-12-19T09:26:09+00:00\",\"description\":\"Sinds 1980 produceren we passieve revalidatieapparatuur voor de Italiaanse en buitenlandse markt (Midden-Oosten, Amerika, Azi\u00eb, Australi\u00eb ...\",\"breadcrumb\":{\"@id\":\"https:\/\/rimec.it\/de\/ueber-uns-2\/#breadcrumb\"},\"inLanguage\":\"de\",\"potentialAction\":[{\"@type\":\"ReadAction\",\"target\":[\"https:\/\/rimec.it\/de\/ueber-uns-2\/\"]}]},{\"@type\":\"ImageObject\",\"inLanguage\":\"de\",\"@id\":\"https:\/\/rimec.it\/de\/ueber-uns-2\/#primaryimage\",\"url\":\"https:\/\/rimec.it\/wp-content\/uploads\/2025\/12\/SCR-20251219-jmjn.png\",\"contentUrl\":\"https:\/\/rimec.it\/wp-content\/uploads\/2025\/12\/SCR-20251219-jmjn.png\"},{\"@type\":\"BreadcrumbList\",\"@id\":\"https:\/\/rimec.it\/de\/ueber-uns-2\/#breadcrumb\",\"itemListElement\":[{\"@type\":\"ListItem\",\"position\":1,\"name\":\"Home\",\"item\":\"https:\/\/rimec.it\/de\/\"},{\"@type\":\"ListItem\",\"position\":2,\"name\":\"\u00dcBER UNS\"}]},{\"@type\":\"WebSite\",\"@id\":\"https:\/\/rimec.it\/#website\",\"url\":\"https:\/\/rimec.it\/\",\"name\":\"Rimec - Mobilizzazione passiva\",\"description\":\"Mobilizzazione passiva dal 1980\",\"publisher\":{\"@id\":\"https:\/\/rimec.it\/#organization\"},\"potentialAction\":[{\"@type\":\"SearchAction\",\"target\":{\"@type\":\"EntryPoint\",\"urlTemplate\":\"https:\/\/rimec.it\/?s={search_term_string}\"},\"query-input\":{\"@type\":\"PropertyValueSpecification\",\"valueRequired\":true,\"valueName\":\"search_term_string\"}}],\"inLanguage\":\"de\"},{\"@type\":\"Organization\",\"@id\":\"https:\/\/rimec.it\/#organization\",\"name\":\"Rimec Srl\",\"url\":\"https:\/\/rimec.it\/\",\"logo\":{\"@type\":\"ImageObject\",\"inLanguage\":\"de\",\"@id\":\"https:\/\/rimec.it\/#\/schema\/logo\/image\/\",\"url\":\"https:\/\/rimec.it\/wp-content\/uploads\/2016\/07\/logo-Rimec-big.png\",\"contentUrl\":\"https:\/\/rimec.it\/wp-content\/uploads\/2016\/07\/logo-Rimec-big.png\",\"width\":2000,\"height\":778,\"caption\":\"Rimec Srl\"},\"image\":{\"@id\":\"https:\/\/rimec.it\/#\/schema\/logo\/image\/\"},\"sameAs\":[\"https:\/\/www.facebook.com\/pages\/Rimec-Srl\/442323525800057\",\"https:\/\/www.linkedin.com\/company\/2910227\",\"https:\/\/www.youtube.com\/user\/Fisiotek3000\"]}]}<\/script>\n<!-- \/ Yoast SEO plugin. -->","yoast_head_json":{"title":"Rimec: Italiaans bedrijf - Passieve revalidatieapparatuur","description":"Sinds 1980 produceren we passieve revalidatieapparatuur voor de Italiaanse en buitenlandse markt (Midden-Oosten, Amerika, Azi\u00eb, Australi\u00eb ...","robots":{"index":"index","follow":"follow","max-snippet":"max-snippet:-1","max-image-preview":"max-image-preview:large","max-video-preview":"max-video-preview:-1"},"canonical":"https:\/\/rimec.it\/de\/ueber-uns-2\/","og_locale":"de_DE","og_type":"article","og_title":"Rimec: Italiaans bedrijf - Passieve revalidatieapparatuur","og_description":"Sinds 1980 produceren we passieve revalidatieapparatuur voor de Italiaanse en buitenlandse markt (Midden-Oosten, Amerika, Azi\u00eb, Australi\u00eb ...","og_url":"https:\/\/rimec.it\/de\/ueber-uns-2\/","og_site_name":"Rimec","article_publisher":"https:\/\/www.facebook.com\/pages\/Rimec-Srl\/442323525800057","article_modified_time":"2025-12-19T09:26:09+00:00","og_image":[{"url":"https:\/\/rimec.it\/wp-content\/uploads\/2025\/12\/SCR-20251219-jmjn.png","width":1,"height":1,"type":"image\/png"}],"twitter_card":"summary_large_image","twitter_misc":{"Gesch\u00e4tzte Lesezeit":"1\u00a0Minute"},"schema":{"@context":"https:\/\/schema.org","@graph":[{"@type":"WebPage","@id":"https:\/\/rimec.it\/de\/ueber-uns-2\/","url":"https:\/\/rimec.it\/de\/ueber-uns-2\/","name":"Rimec: Italiaans bedrijf - Passieve revalidatieapparatuur","isPartOf":{"@id":"https:\/\/rimec.it\/#website"},"primaryImageOfPage":{"@id":"https:\/\/rimec.it\/de\/ueber-uns-2\/#primaryimage"},"image":{"@id":"https:\/\/rimec.it\/de\/ueber-uns-2\/#primaryimage"},"thumbnailUrl":"https:\/\/rimec.it\/wp-content\/uploads\/2025\/12\/SCR-20251219-jmjn.png","datePublished":"2022-07-25T08:06:36+00:00","dateModified":"2025-12-19T09:26:09+00:00","description":"Sinds 1980 produceren we passieve revalidatieapparatuur voor de Italiaanse en buitenlandse markt (Midden-Oosten, Amerika, Azi\u00eb, Australi\u00eb ...","breadcrumb":{"@id":"https:\/\/rimec.it\/de\/ueber-uns-2\/#breadcrumb"},"inLanguage":"de","potentialAction":[{"@type":"ReadAction","target":["https:\/\/rimec.it\/de\/ueber-uns-2\/"]}]},{"@type":"ImageObject","inLanguage":"de","@id":"https:\/\/rimec.it\/de\/ueber-uns-2\/#primaryimage","url":"https:\/\/rimec.it\/wp-content\/uploads\/2025\/12\/SCR-20251219-jmjn.png","contentUrl":"https:\/\/rimec.it\/wp-content\/uploads\/2025\/12\/SCR-20251219-jmjn.png"},{"@type":"BreadcrumbList","@id":"https:\/\/rimec.it\/de\/ueber-uns-2\/#breadcrumb","itemListElement":[{"@type":"ListItem","position":1,"name":"Home","item":"https:\/\/rimec.it\/de\/"},{"@type":"ListItem","position":2,"name":"\u00dcBER UNS"}]},{"@type":"WebSite","@id":"https:\/\/rimec.it\/#website","url":"https:\/\/rimec.it\/","name":"Rimec - Mobilizzazione passiva","description":"Mobilizzazione passiva dal 1980","publisher":{"@id":"https:\/\/rimec.it\/#organization"},"potentialAction":[{"@type":"SearchAction","target":{"@type":"EntryPoint","urlTemplate":"https:\/\/rimec.it\/?s={search_term_string}"},"query-input":{"@type":"PropertyValueSpecification","valueRequired":true,"valueName":"search_term_string"}}],"inLanguage":"de"},{"@type":"Organization","@id":"https:\/\/rimec.it\/#organization","name":"Rimec Srl","url":"https:\/\/rimec.it\/","logo":{"@type":"ImageObject","inLanguage":"de","@id":"https:\/\/rimec.it\/#\/schema\/logo\/image\/","url":"https:\/\/rimec.it\/wp-content\/uploads\/2016\/07\/logo-Rimec-big.png","contentUrl":"https:\/\/rimec.it\/wp-content\/uploads\/2016\/07\/logo-Rimec-big.png","width":2000,"height":778,"caption":"Rimec Srl"},"image":{"@id":"https:\/\/rimec.it\/#\/schema\/logo\/image\/"},"sameAs":["https:\/\/www.facebook.com\/pages\/Rimec-Srl\/442323525800057","https:\/\/www.linkedin.com\/company\/2910227","https:\/\/www.youtube.com\/user\/Fisiotek3000"]}]}},"_links":{"self":[{"href":"https:\/\/rimec.it\/de\/wp-json\/wp\/v2\/pages\/10441","targetHints":{"allow":["GET"]}}],"collection":[{"href":"https:\/\/rimec.it\/de\/wp-json\/wp\/v2\/pages"}],"about":[{"href":"https:\/\/rimec.it\/de\/wp-json\/wp\/v2\/types\/page"}],"author":[{"embeddable":true,"href":"https:\/\/rimec.it\/de\/wp-json\/wp\/v2\/users\/3"}],"replies":[{"embeddable":true,"href":"https:\/\/rimec.it\/de\/wp-json\/wp\/v2\/comments?post=10441"}],"version-history":[{"count":8,"href":"https:\/\/rimec.it\/de\/wp-json\/wp\/v2\/pages\/10441\/revisions"}],"predecessor-version":[{"id":12122,"href":"https:\/\/rimec.it\/de\/wp-json\/wp\/v2\/pages\/10441\/revisions\/12122"}],"wp:attachment":[{"href":"https:\/\/rimec.it\/de\/wp-json\/wp\/v2\/media?parent=10441"}],"curies":[{"name":"wp","href":"https:\/\/api.w.org\/{rel}","templated":true}]}}